{"id":21577,"date":"2025-10-28T09:19:47","date_gmt":"2025-10-28T08:19:47","guid":{"rendered":"https:\/\/renovatus.si\/?product=livolo-hf-sgl801-60-gs-12-sve066"},"modified":"2026-01-14T17:20:07","modified_gmt":"2026-01-14T16:20:07","slug":"livolo-hf-sgl801-60-gs-12-sve066","status":"publish","type":"product","link":"https:\/\/renovatus.si\/sl\/izdelek\/livolo-hf-sgl801-60-gs-12-sve066\/","title":{"rendered":"Vrtna samostoje\u010da (vgradna) solarna svetilka \u2013 solarna LED svetilka z avtomatskim senzorjem zmra\u010ditve"},"content":{"rendered":"<p data-start=\"926\" data-end=\"1276\"><strong data-start=\"926\" data-end=\"974\">Vrtna samostoje\u010da (vgradna) solarna svetilka<\/strong> je odli\u010dna izbira za vse, ki \u017eelijo ekolo\u0161ko, prakti\u010dno in funkcionalno osvetlitev zunanjih prostorov. Svetilka uporablja son\u010dno energijo za polnjenje in se samodejno vklopi ob zmra\u010ditvi, zahvaljujo\u010d vgrajenemu senzorju. To omogo\u010da u\u010dinkovito in var\u010dno uporabo, brez potrebe po elektri\u010dni napeljavi.<\/p>\n<p data-start=\"1278\" data-end=\"1654\">Ta <strong data-start=\"1281\" data-end=\"1329\">vrtna samostoje\u010da (vgradna) solarna svetilka<\/strong> je idealna za osvetlitev vrtov, poti, zelenic, dvori\u0161\u010d ali vhodov. Njena LED tehnologija zagotavlja enakomerno, prijetno in mo\u010dno svetlobo, ki pove\u010duje varnost in estetski izgled zunanjega prostora. Robustna in vremensko odporna konstrukcija omogo\u010da zanesljivo delovanje skozi vse leto, tudi v de\u017eevnih in vla\u017enih pogojih.<\/p>\n<p data-start=\"1656\" data-end=\"1997\">Svetilka je enostavna za namestitev in ne zahteva nobenih elektri\u010dnih priklju\u010dkov. Njena elegantna oblika se brezhibno poda k sodobnim in klasi\u010dnim vrtovom, hkrati pa omogo\u010da diskretno, a u\u010dinkovito osvetlitev. Samodejni senzor zmra\u010ditve omogo\u010da, da svetilka pri\u010dne delovati natanko takrat, ko je potrebna, kar pove\u010duje udobje in var\u010dnost.<\/p>\n<p data-start=\"1999\" data-end=\"2223\">Izberite <strong data-start=\"2008\" data-end=\"2056\">vrtno samostoje\u010do (vgradno) solarno svetilko<\/strong> in nadgradite svojo zunanjo osvetlitev z energetsko u\u010dinkovito, ekolo\u0161ko in funkcionalno LED svetilko, ki zdru\u017euje estetiko, prakti\u010dnost in trajnost v enem izdelku.<\/p>\n","protected":false},"excerpt":{"rendered":"<p>Solarna LED svetilka z avtomatskim senzorjem zmra\u010ditve. Trajnostna re\u0161itev za va\u0161 vrt.<\/p>\n","protected":false},"featured_media":21578,"comment_status":"open","ping_status":"closed","template":"","meta":{"_acf_changed":false},"product_brand":[3128],"product_cat":[3118,3122],"product_tag":[],"class_list":{"0":"post-21577","1":"product","2":"type-product","3":"status-publish","4":"has-post-thumbnail","6":"product_brand-livolo","7":"product_cat-svetila","8":"product_cat-zunanja-svetila","9":"pa_barva-crna","10":"pa_dimenzije-165x165x600-mm","11":"pa_material-aluminij-steklo","12":"pa_moc-3-w-4000-k","13":"pa_model-hf-sgl801-60-gs-12","14":"pa_zascita-ip65","16":"first","17":"instock","18":"taxable","19":"shipping-taxable","20":"purchasable","21":"product-type-simple"},"acf":[],"_links":{"self":[{"href":"https:\/\/renovatus.si\/sl\/wp-json\/wp\/v2\/product\/21577","targetHints":{"allow":["GET"]}}],"collection":[{"href":"https:\/\/renovatus.si\/sl\/wp-json\/wp\/v2\/product"}],"about":[{"href":"https:\/\/renovatus.si\/sl\/wp-json\/wp\/v2\/types\/product"}],"replies":[{"embeddable":true,"href":"https:\/\/renovatus.si\/sl\/wp-json\/wp\/v2\/comments?post=21577"}],"wp:featuredmedia":[{"embeddable":true,"href":"https:\/\/renovatus.si\/sl\/wp-json\/wp\/v2\/media\/21578"}],"wp:attachment":[{"href":"https:\/\/renovatus.si\/sl\/wp-json\/wp\/v2\/media?parent=21577"}],"wp:term":[{"taxonomy":"product_brand","embeddable":true,"href":"https:\/\/renovatus.si\/sl\/wp-json\/wp\/v2\/product_brand?post=21577"},{"taxonomy":"product_cat","embeddable":true,"href":"https:\/\/renovatus.si\/sl\/wp-json\/wp\/v2\/product_cat?post=21577"},{"taxonomy":"product_tag","embeddable":true,"href":"https:\/\/renovatus.si\/sl\/wp-json\/wp\/v2\/product_tag?post=21577"}],"curies":[{"name":"wp","href":"https:\/\/api.w.org\/{rel}","templated":true}]}}