{"id":22123,"date":"2025-11-11T13:37:51","date_gmt":"2025-11-11T12:37:51","guid":{"rendered":"https:\/\/renovatus.si\/?product=asus-vivobook-15-x1504va-bq2528-i3-nb15as00158-w11h"},"modified":"2026-03-17T17:17:04","modified_gmt":"2026-03-17T16:17:04","slug":"asus-vivobook-15-x1504va-bq2528-i3-8gb-512gb-ssd-15-6-fhd","status":"publish","type":"product","link":"https:\/\/renovatus.si\/sl\/izdelek\/asus-vivobook-15-x1504va-bq2528-i3-8gb-512gb-ssd-15-6-fhd\/","title":{"rendered":"Asus Vivobook 15 X1504VA i3 8GB 512GB SSD 15,6&#8243; FHD srebrna"},"content":{"rendered":"<p data-start=\"756\" data-end=\"1009\"><strong data-start=\"756\" data-end=\"818\">Asus Vivobook 15 X1504VA-BQ2528 i3 8GB 512GB SSD 15,6&#8243; FHD<\/strong> je vsestranski prenosnik, ki zdru\u017euje elegantno obliko in zmogljivo delovanje. Idealen je za doma\u010de, \u0161olske in poslovne uporabnike, ki potrebujejo zanesljivo napravo za vsakodnevne naloge.<\/p>\n<p data-start=\"1011\" data-end=\"1352\">Prenosnik <strong data-start=\"1021\" data-end=\"1083\">Asus Vivobook 15 X1504VA-BQ2528 i3 8GB 512GB SSD 15,6&#8243; FHD<\/strong> je opremljen s procesorjem Intel i3, 8GB RAM-a in 512GB SSD-jem, kar zagotavlja hitro delovanje, teko\u010de nalaganje aplikacij in nemoteno ve\u010dopravilnost. Prenosnik omogo\u010da udobno delo z dokumenti, preglednicami, spletno brskanje, video klice ali multimedijske vsebine.<\/p>\n<p data-start=\"1354\" data-end=\"1672\">15,6-pal\u010dni FHD IPS zaslon prina\u0161a jasen in kontrasten prikaz, <strong data-start=\"1417\" data-end=\"1479\">Asus Vivobook 15 X1504VA-BQ2528 i3 8GB 512GB SSD 15,6&#8243; FHD<\/strong> pa ima eleganten srebrni dizajn, ki se odli\u010dno prilega vsakemu delovnemu okolju. Prenosnik je tanek, lahek in enostaven za prena\u0161anje, kar omogo\u010da mobilno uporabo doma, v \u0161oli ali v pisarni.<\/p>\n<p data-start=\"1674\" data-end=\"1889\">Z vnaprej name\u0161\u010denim <strong data-start=\"1695\" data-end=\"1714\">Windows 11 Home<\/strong> prina\u0161a <strong data-start=\"1723\" data-end=\"1785\">Asus Vivobook 15 X1504VA-BQ2528 i3 8GB 512GB SSD 15,6&#8243; FHD<\/strong> moderno uporabni\u0161ko izku\u0161njo, enostavno upravljanje aplikacij in dostop do Microsoftovega ekosistema.<\/p>\n<p data-start=\"1891\" data-end=\"2094\">Izberite <strong data-start=\"1900\" data-end=\"1962\">Asus Vivobook 15 X1504VA-BQ2528 i3 8GB 512GB SSD 15,6&#8243; FHD<\/strong> za zanesljivo, hitro in produktivno delo, kjerkoli in kadarkoli, brez kompromisov pri kakovosti, prenosljivosti ali zmogljivosti.<\/p>\n","protected":false},"excerpt":{"rendered":"<p>Asus Vivobook 15 X1504VA i3 8GB 512GB SSD 15,6&#8243; FHD IPS srebrna, Windows 11<\/p>\n","protected":false},"featured_media":22124,"comment_status":"open","ping_status":"closed","template":"","meta":{"_acf_changed":false},"product_brand":[365],"product_cat":[2245],"product_tag":[],"class_list":{"0":"post-22123","1":"product","2":"type-product","3":"status-publish","4":"has-post-thumbnail","6":"product_brand-asus","7":"product_cat-prenosni-racunalniki-2","8":"pa_generacija-procesorja-intel-i3-1315u-1-20ghz","9":"pa_graficna-kartica-intel-iris-xe-graphics","10":"pa_kamera-da","11":"pa_model-vivobook-15-x1504va-bq2528-i3","12":"pa_operacijski-sistem-windows-11-home","13":"pa_os-windows-11-home","14":"pa_ram-8gb","15":"pa_resolucija-1920-x-1080","16":"pa_tip-diska-ssd","17":"pa_velikost-diska-512gb-ssd","18":"pa_win-11-podpora-da","19":"pa_znamka-asus","21":"first","22":"outofstock","23":"taxable","24":"shipping-taxable","25":"purchasable","26":"product-type-simple"},"acf":[],"_links":{"self":[{"href":"https:\/\/renovatus.si\/sl\/wp-json\/wp\/v2\/product\/22123","targetHints":{"allow":["GET"]}}],"collection":[{"href":"https:\/\/renovatus.si\/sl\/wp-json\/wp\/v2\/product"}],"about":[{"href":"https:\/\/renovatus.si\/sl\/wp-json\/wp\/v2\/types\/product"}],"replies":[{"embeddable":true,"href":"https:\/\/renovatus.si\/sl\/wp-json\/wp\/v2\/comments?post=22123"}],"wp:featuredmedia":[{"embeddable":true,"href":"https:\/\/renovatus.si\/sl\/wp-json\/wp\/v2\/media\/22124"}],"wp:attachment":[{"href":"https:\/\/renovatus.si\/sl\/wp-json\/wp\/v2\/media?parent=22123"}],"wp:term":[{"taxonomy":"product_brand","embeddable":true,"href":"https:\/\/renovatus.si\/sl\/wp-json\/wp\/v2\/product_brand?post=22123"},{"taxonomy":"product_cat","embeddable":true,"href":"https:\/\/renovatus.si\/sl\/wp-json\/wp\/v2\/product_cat?post=22123"},{"taxonomy":"product_tag","embeddable":true,"href":"https:\/\/renovatus.si\/sl\/wp-json\/wp\/v2\/product_tag?post=22123"}],"curies":[{"name":"wp","href":"https:\/\/api.w.org\/{rel}","templated":true}]}}