{"id":22163,"date":"2025-11-11T13:38:08","date_gmt":"2025-11-11T12:38:08","guid":{"rendered":"https:\/\/renovatus.si\/?product=lenovo-loq-15arp9-ryzen-5-nb15le00107-w11h"},"modified":"2026-02-16T11:43:13","modified_gmt":"2026-02-16T10:43:13","slug":"lenovo-loq-15arp9-ryzen-5-16gb-1tb-ssd-15-6-fhd-rtx-3050","status":"publish","type":"product","link":"https:\/\/renovatus.si\/sl\/izdelek\/lenovo-loq-15arp9-ryzen-5-16gb-1tb-ssd-15-6-fhd-rtx-3050\/","title":{"rendered":"Lenovo LOQ 15ARP9 Ryzen 5 16GB 1TB SSD 15,6&#8243; FHD RTX 3050 siv"},"content":{"rendered":"<p data-start=\"759\" data-end=\"1087\"><strong data-start=\"759\" data-end=\"820\">Lenovo LOQ 15ARP9 Ryzen 5 16GB 1TB SSD 15,6&#8243; FHD RTX 3050<\/strong> je visoko zmogljiv gaming in multimedijski prenosnik, ki zdru\u017euje zmogljiv procesor, velik RAM, hitri SSD in namensko grafi\u010dno kartico NVIDIA GeForce RTX 3050. Idealen je za igralce, ustvarjalce vsebin in vse, ki \u017eelijo visoko zmogljiv prenosnik za delo in zabavo.<\/p>\n<p data-start=\"1089\" data-end=\"1496\">Prenosnik <strong data-start=\"1099\" data-end=\"1160\">Lenovo LOQ 15ARP9 Ryzen 5 16GB 1TB SSD 15,6&#8243; FHD RTX 3050<\/strong> je opremljen z AMD Ryzen 5 procesorjem, 16GB RAM-a in 1TB SSD-jem, kar omogo\u010da teko\u010de delovanje ve\u010d aplikacij hkrati, hiter zagon sistema in nemoteno delo z zahtevnimi programi ali multimedijskimi vsebinami. Prenosnik je primeren tako za igranje iger, ustvarjanje digitalne vsebine kot tudi za vsakodnevno uporabo doma ali v pisarni.<\/p>\n<p data-start=\"1498\" data-end=\"1787\">15,6-pal\u010dni FHD zaslon prina\u0161a jasen, kontrasten in \u017eivahen prikaz, Lenovo LOQ 15ARP9 Ryzen 5 16GB 1TB SSD 15,6&#8243; FHD RTX 3050 pa ima eleganten siv dizajn, ki se odli\u010dno prilega sodobnemu delovnemu okolju. Prenosnik je tanek, lahek in enostaven za prena\u0161anje, kar omogo\u010da mobilno uporabo.<\/p>\n<p data-start=\"1789\" data-end=\"2016\">Z vnaprej name\u0161\u010denim <strong data-start=\"1810\" data-end=\"1829\">Windows 11 Home<\/strong>, Lenovo LOQ 15ARP9 Ryzen 5 16GB 1TB SSD 15,6&#8243; FHD RTX 3050 zagotavlja sodobno uporabni\u0161ko izku\u0161njo, dostop do Microsoftovega ekosistema in optimizirano delovanje za igre in aplikacije.<\/p>\n<p data-start=\"2018\" data-end=\"2187\">Izberite <strong data-start=\"2027\" data-end=\"2088\">Lenovo LOQ 15ARP9 Ryzen 5 16GB 1TB SSD 15,6&#8243; FHD RTX 3050<\/strong> za <strong data-start=\"2092\" data-end=\"2161\">zanesljivo, hitro in produktivno delo ter odli\u010dno gaming izku\u0161njo<\/strong>, kjerkoli in kadarkoli.<\/p>\n","protected":false},"excerpt":{"rendered":"<p>Lenovo LOQ 15ARP9 Ryzen 5 16GB 1TB SSD 15,6&#8243; FHD IPS RTX 3050 siv, Windows 11<\/p>\n","protected":false},"featured_media":22164,"comment_status":"open","ping_status":"closed","template":"","meta":{"_acf_changed":false},"product_brand":[254],"product_cat":[2245],"product_tag":[],"class_list":{"0":"post-22163","1":"product","2":"type-product","3":"status-publish","4":"has-post-thumbnail","6":"product_brand-lenovo","7":"product_cat-prenosni-racunalniki-2","8":"pa_generacija-procesorja-amd-ryzen-5-7235hs-3-20ghz","9":"pa_graficna-kartica-nvidia-geforce-rtx-3050","10":"pa_kamera-da","11":"pa_model-loq-15arp9-ryzen-5","12":"pa_operacijski-sistem-windows-11-home","13":"pa_os-windows-11-home","14":"pa_ram-16gb","15":"pa_resolucija-1920-x-1080","16":"pa_tip-diska-ssd","17":"pa_velikost-diska-1tb-ssd","18":"pa_win-11-podpora-da","19":"pa_znamka-lenovo","21":"first","22":"outofstock","23":"taxable","24":"shipping-taxable","25":"purchasable","26":"product-type-simple"},"acf":[],"_links":{"self":[{"href":"https:\/\/renovatus.si\/sl\/wp-json\/wp\/v2\/product\/22163","targetHints":{"allow":["GET"]}}],"collection":[{"href":"https:\/\/renovatus.si\/sl\/wp-json\/wp\/v2\/product"}],"about":[{"href":"https:\/\/renovatus.si\/sl\/wp-json\/wp\/v2\/types\/product"}],"replies":[{"embeddable":true,"href":"https:\/\/renovatus.si\/sl\/wp-json\/wp\/v2\/comments?post=22163"}],"wp:featuredmedia":[{"embeddable":true,"href":"https:\/\/renovatus.si\/sl\/wp-json\/wp\/v2\/media\/22164"}],"wp:attachment":[{"href":"https:\/\/renovatus.si\/sl\/wp-json\/wp\/v2\/media?parent=22163"}],"wp:term":[{"taxonomy":"product_brand","embeddable":true,"href":"https:\/\/renovatus.si\/sl\/wp-json\/wp\/v2\/product_brand?post=22163"},{"taxonomy":"product_cat","embeddable":true,"href":"https:\/\/renovatus.si\/sl\/wp-json\/wp\/v2\/product_cat?post=22163"},{"taxonomy":"product_tag","embeddable":true,"href":"https:\/\/renovatus.si\/sl\/wp-json\/wp\/v2\/product_tag?post=22163"}],"curies":[{"name":"wp","href":"https:\/\/api.w.org\/{rel}","templated":true}]}}