{"id":22345,"date":"2025-11-16T16:51:40","date_gmt":"2025-11-16T15:51:40","guid":{"rendered":"https:\/\/renovatus.si\/izdelek\/irobot-roomba-105-combo-robot-119593\/"},"modified":"2026-04-07T13:05:59","modified_gmt":"2026-04-07T12:05:59","slug":"roomba-105-combo-robot-bel-robotski-sesalnik","status":"publish","type":"product","link":"https:\/\/renovatus.si\/sl\/izdelek\/roomba-105-combo-robot-bel-robotski-sesalnik\/","title":{"rendered":"Roomba 105 Combo Robot Bel \u2013 Robot Sesalnik in Mop"},"content":{"rendered":"<p data-start=\"785\" data-end=\"1149\"><strong data-start=\"785\" data-end=\"815\">Roomba 105 Combo Robot Bel<\/strong> je idealna izbira za vse, ki \u017eelijo zdru\u017eiti u\u010dinkovito sesanje in pomivanje tal v eni kompaktni napravi. Zaradi svoje napredne tehnologije \u010di\u0161\u010denja in enostavne uporabe je <strong data-start=\"989\" data-end=\"1019\">Roomba 105 Combo Robot Bel<\/strong> odli\u010dna re\u0161itev za dnevno vzdr\u017eevanje \u010distega doma, ne glede na to, ali gre za trde talne povr\u0161ine ali preproge z nizkim vlaknom.<\/p>\n<p data-start=\"1151\" data-end=\"1603\">Robot uporablja inteligentno navigacijo, ki mu omogo\u010da, da sistemati\u010dno pokriva prostor, se izogiba oviram in dose\u017ee te\u017eje dostopna obmo\u010dja. S tihim delovanjem je prijazen za uporabo tudi v manj\u0161ih stanovanjih ali v domovih, kjer se \u017eeli ohraniti mir. Poleg tega je <strong data-start=\"1417\" data-end=\"1447\">Roomba 105 Combo Robot Bel<\/strong> izjemno lahek za upravljanje \u2013 vse funkcije lahko kontrolira\u0161 preko aplikacije, kjer lahko nastavi\u0161 urnike, vklju\u010di\u0161 hitro \u010di\u0161\u010denje ali spremlja\u0161 napredek.<\/p>\n<p data-start=\"1605\" data-end=\"1975\">Njegov eleganten bel dizajn se harmoni\u010dno zlije z vsakim modernim interierjem, kar pomeni, da naprava ni le prakti\u010dna, ampak tudi estetsko prijetna. <strong data-start=\"1754\" data-end=\"1784\">Roomba 105 Combo Robot Bel<\/strong> je popolna re\u0161itev za gospodinjstva, ki potrebujejo zanesljiv, cenovno dostopen in u\u010dinkovit robot za kombinirano \u010di\u0161\u010denje, brez zapletenega vzdr\u017eevanja in z zagotavljanjem vedno \u010distih tal.<\/p>\n","protected":false},"excerpt":{"rendered":"<p>Kompaktni robot sesalnik z mo\u017enostjo pomivanja, idealen za manj\u0161a stanovanja in redno vzdr\u017eevanje tal. Bela barva poskrbi za \u010dist in eleganten izgled.<\/p>\n","protected":false},"featured_media":22709,"comment_status":"open","ping_status":"closed","template":"","meta":{"_acf_changed":false},"product_brand":[3524],"product_cat":[2655,2651],"product_tag":[],"class_list":{"0":"post-22345","1":"product","2":"type-product","3":"status-publish","4":"has-post-thumbnail","6":"product_brand-irobot","7":"product_cat-robotski_sesalci","8":"product_cat-sesalci","9":"pa_barva-bela","10":"pa_cas-delovanja-120-minut","11":"pa_cas-polnjenja-4-ure","12":"pa_dodatki-obseg-dobave-1-x-roomba-105-combo-1-x-polnilna-postaja-home-base-1-x-cistilna-krpa-1-x-orodje-za-odstranjevanje-las","13":"pa_moc-3000-mah-lithium-iron-phosphate-lfp","14":"pa_model-roomba-105-combo-robot","15":"pa_namen-uporabe-za-suho-in-mokro-ciscenje","16":"pa_prostornina-kosa-040-l","17":"pa_rezervoar-za-vodo-020-l","18":"pa_znamka-irobot","20":"first","21":"outofstock","22":"sale","23":"taxable","24":"shipping-taxable","25":"purchasable","26":"product-type-simple"},"acf":[],"_links":{"self":[{"href":"https:\/\/renovatus.si\/sl\/wp-json\/wp\/v2\/product\/22345","targetHints":{"allow":["GET"]}}],"collection":[{"href":"https:\/\/renovatus.si\/sl\/wp-json\/wp\/v2\/product"}],"about":[{"href":"https:\/\/renovatus.si\/sl\/wp-json\/wp\/v2\/types\/product"}],"replies":[{"embeddable":true,"href":"https:\/\/renovatus.si\/sl\/wp-json\/wp\/v2\/comments?post=22345"}],"wp:featuredmedia":[{"embeddable":true,"href":"https:\/\/renovatus.si\/sl\/wp-json\/wp\/v2\/media\/22709"}],"wp:attachment":[{"href":"https:\/\/renovatus.si\/sl\/wp-json\/wp\/v2\/media?parent=22345"}],"wp:term":[{"taxonomy":"product_brand","embeddable":true,"href":"https:\/\/renovatus.si\/sl\/wp-json\/wp\/v2\/product_brand?post=22345"},{"taxonomy":"product_cat","embeddable":true,"href":"https:\/\/renovatus.si\/sl\/wp-json\/wp\/v2\/product_cat?post=22345"},{"taxonomy":"product_tag","embeddable":true,"href":"https:\/\/renovatus.si\/sl\/wp-json\/wp\/v2\/product_tag?post=22345"}],"curies":[{"name":"wp","href":"https:\/\/api.w.org\/{rel}","templated":true}]}}