{"id":22369,"date":"2025-11-20T13:35:29","date_gmt":"2025-11-20T12:35:29","guid":{"rendered":"https:\/\/renovatus.si\/izdelek\/slinex-ma-01crhd-ma-01crhd\/"},"modified":"2026-01-19T13:31:37","modified_gmt":"2026-01-19T12:31:37","slug":"zunanja-enota-domofona-1-uporabnik-crhd","status":"publish","type":"product","link":"https:\/\/renovatus.si\/sl\/izdelek\/zunanja-enota-domofona-1-uporabnik-crhd\/","title":{"rendered":"Zunanja enota domofona \u2013 1 uporabnik CRHD \u2013 Varnost in nadzor"},"content":{"rendered":"<p data-start=\"780\" data-end=\"1236\"><strong data-start=\"780\" data-end=\"825\">Zunanja enota domofona \u2013 1 uporabnik CRHD<\/strong> je idealna re\u0161itev za manj\u0161e stanovanjske ali poslovne prostore, kjer je potreben nadzor dostopa za enega uporabnika. Ta enota omogo\u010da jasen prikaz obiskovalcev, kakovostno zvo\u010dno komunikacijo in preprost nadzor vhodov. Zunanja enota domofona \u2013 1 uporabnik CRHD je izdelana iz kakovostnih, vremensko odpornih materialov, kar zagotavlja dolgo \u017eivljenjsko dobo in zanesljivo delovanje tudi v zahtevnih pogojih.<\/p>\n<p data-start=\"1238\" data-end=\"1548\">Namestitev enote je hitra in preprosta, naprava pa se brez te\u017eav pove\u017ee z obstoje\u010dimi domofonskimi sistemi. Zunanja enota domofona \u2013 1 uporabnik CRHD omogo\u010da tudi integracijo z dodatnimi varnostnimi sistemi, kot so alarmi ali video nadzor, kar zagotavlja celovito za\u0161\u010dito va\u0161ega doma ali poslovnega prostora.<\/p>\n<p data-start=\"1550\" data-end=\"1968\">Ta enota je primerna tako za stanovanjske kot poslovne objekte, kjer je varnost klju\u010dnega pomena. Uporabniki bodo imeli hiter in priro\u010den dostop brez uporabe fizi\u010dnih klju\u010dev, medtem ko lastniki objekta ohranijo popoln nadzor nad vhodom. Zunanja enota domofona \u2013 1 uporabnik CRHD zdru\u017euje funkcionalnost, sodoben dizajn in napredno tehnologijo, kar izbolj\u0161a udobje, varnost in uporabni\u0161ko izku\u0161njo v vsakem prostoru.<\/p>\n","protected":false},"excerpt":{"rendered":"<p>Kompaktna zunanja enota domofona za enega uporabnika z visoko odpornostjo na vremenske vplive in \u010ditalnikom kartic CRHD. Idealna za hi\u0161e in manj\u0161e objekte.<\/p>\n","protected":false},"featured_media":22370,"comment_status":"open","ping_status":"closed","template":"","meta":{"_acf_changed":false},"product_brand":[3563],"product_cat":[3552],"product_tag":[],"class_list":{"0":"post-22369","1":"product","2":"type-product","3":"status-publish","4":"has-post-thumbnail","6":"product_brand-slinex","7":"product_cat-domofoni","8":"pa_barva-srebrna","9":"pa_dimenzija-110-x-185-x-34-mm","10":"pa_klicni-gumb-mehanski-z-osvetlitvijo-ozadja","11":"pa_kot-gledanja-115-stopinj","12":"pa_locljivost-kamere-2mp-imp-960tvl","13":"pa_material-ohisja-trpezna-kovinska-zlitina","14":"pa_model-ma-01crhd","15":"pa_poraba-12-v-iz-zunanjega-napajalnika-do-4-w","16":"pa_vrsta-kljucavnice-mehanska-ali-magnetna","17":"pa_vrsta-nemstitve-nadometna-montaza","18":"pa_znamka-slinex","20":"first","21":"instock","22":"sale","23":"taxable","24":"shipping-taxable","25":"purchasable","26":"product-type-simple"},"acf":[],"_links":{"self":[{"href":"https:\/\/renovatus.si\/sl\/wp-json\/wp\/v2\/product\/22369","targetHints":{"allow":["GET"]}}],"collection":[{"href":"https:\/\/renovatus.si\/sl\/wp-json\/wp\/v2\/product"}],"about":[{"href":"https:\/\/renovatus.si\/sl\/wp-json\/wp\/v2\/types\/product"}],"replies":[{"embeddable":true,"href":"https:\/\/renovatus.si\/sl\/wp-json\/wp\/v2\/comments?post=22369"}],"wp:featuredmedia":[{"embeddable":true,"href":"https:\/\/renovatus.si\/sl\/wp-json\/wp\/v2\/media\/22370"}],"wp:attachment":[{"href":"https:\/\/renovatus.si\/sl\/wp-json\/wp\/v2\/media?parent=22369"}],"wp:term":[{"taxonomy":"product_brand","embeddable":true,"href":"https:\/\/renovatus.si\/sl\/wp-json\/wp\/v2\/product_brand?post=22369"},{"taxonomy":"product_cat","embeddable":true,"href":"https:\/\/renovatus.si\/sl\/wp-json\/wp\/v2\/product_cat?post=22369"},{"taxonomy":"product_tag","embeddable":true,"href":"https:\/\/renovatus.si\/sl\/wp-json\/wp\/v2\/product_tag?post=22369"}],"curies":[{"name":"wp","href":"https:\/\/api.w.org\/{rel}","templated":true}]}}