{"id":22419,"date":"2025-11-20T13:35:55","date_gmt":"2025-11-20T12:35:55","guid":{"rendered":"https:\/\/renovatus.si\/izdelek\/slinex-ml-20tlhd-ml-20tlhd\/"},"modified":"2026-01-19T13:54:55","modified_gmt":"2026-01-19T12:54:55","slug":"zunanja-enota-domofona-ml-20tlhd","status":"publish","type":"product","link":"https:\/\/renovatus.si\/sl\/izdelek\/zunanja-enota-domofona-ml-20tlhd\/","title":{"rendered":"Zunanja enota domofona ML-20TLHD \u2013 Varnost in enostaven nadzor"},"content":{"rendered":"<p data-start=\"746\" data-end=\"1171\"><strong data-start=\"746\" data-end=\"782\">Zunanja enota domofona ML-20TLHD<\/strong> je sodobna in zanesljiva re\u0161itev za varen nadzor dostopa v va\u0161 dom ali poslovni prostor. Ta zunanja enota omogo\u010da jasen prikaz obiskovalcev, kakovostno zvo\u010dno komunikacijo in preprost nadzor vhodov. Zunanja enota domofona ML-20TLHD je izdelana iz visokokakovostnih in vremensko odpornih materialov, kar zagotavlja dolgo \u017eivljenjsko dobo in zanesljivo delovanje tudi v zahtevnih pogojih.<\/p>\n<p data-start=\"1173\" data-end=\"1474\">Namestitev enote je hitra in preprosta, naprava pa se brez te\u017eav pove\u017ee z obstoje\u010dimi domofonskimi sistemi. Zunanja enota domofona ML-20TLHD omogo\u010da tudi integracijo z dodatnimi varnostnimi sistemi, kot so alarmi ali video nadzor, kar zagotavlja celovito za\u0161\u010dito va\u0161ega doma ali poslovnega prostora.<\/p>\n<p data-start=\"1476\" data-end=\"1885\">Ta enota je primerna tako za stanovanjske kot poslovne objekte, kjer je varnost klju\u010dnega pomena. Uporabniki bodo imeli hiter in priro\u010den dostop brez uporabe fizi\u010dnih klju\u010dev, medtem ko lastniki objekta ohranijo popoln nadzor nad vhodom. Zunanja enota domofona ML-20TLHD zdru\u017euje funkcionalnost, sodoben dizajn in napredno tehnologijo, kar pove\u010duje udobje, varnost in uporabni\u0161ko izku\u0161njo v vsakem prostoru.<\/p>\n","protected":false},"excerpt":{"rendered":"<p>Model ML-20TLHD prina\u0161a visoko lo\u010dljivost, tipkovnico za odklepanje in sodobno zasnovo za ve\u010djo varnost doma.<\/p>\n","protected":false},"featured_media":22420,"comment_status":"open","ping_status":"closed","template":"","meta":{"_acf_changed":false},"product_brand":[3563],"product_cat":[3552],"product_tag":[],"class_list":{"0":"post-22419","1":"product","2":"type-product","3":"status-publish","4":"has-post-thumbnail","6":"product_brand-slinex","7":"product_cat-domofoni","8":"pa_barva-crna","9":"pa_dimenzija-45-x-130-x-24-mm","10":"pa_kot-gledanja-115-stopinj","11":"pa_locljivost-kamere-1920x1080-ahd-h-1280x720-ahd-m-960-tvl-cvbs","12":"pa_material-ohisja-kovinska-zlitina-in-akrilno-steklo","13":"pa_model-ml-20tlhd","14":"pa_poraba-12-v-iz-zunanjega-napajalnika-do-25-w","15":"pa_vrsta-nemstitve-nadometna-ali-vgradna","16":"pa_znamka-slinex","18":"first","19":"instock","20":"sale","21":"taxable","22":"shipping-taxable","23":"purchasable","24":"product-type-simple"},"acf":[],"_links":{"self":[{"href":"https:\/\/renovatus.si\/sl\/wp-json\/wp\/v2\/product\/22419","targetHints":{"allow":["GET"]}}],"collection":[{"href":"https:\/\/renovatus.si\/sl\/wp-json\/wp\/v2\/product"}],"about":[{"href":"https:\/\/renovatus.si\/sl\/wp-json\/wp\/v2\/types\/product"}],"replies":[{"embeddable":true,"href":"https:\/\/renovatus.si\/sl\/wp-json\/wp\/v2\/comments?post=22419"}],"wp:featuredmedia":[{"embeddable":true,"href":"https:\/\/renovatus.si\/sl\/wp-json\/wp\/v2\/media\/22420"}],"wp:attachment":[{"href":"https:\/\/renovatus.si\/sl\/wp-json\/wp\/v2\/media?parent=22419"}],"wp:term":[{"taxonomy":"product_brand","embeddable":true,"href":"https:\/\/renovatus.si\/sl\/wp-json\/wp\/v2\/product_brand?post=22419"},{"taxonomy":"product_cat","embeddable":true,"href":"https:\/\/renovatus.si\/sl\/wp-json\/wp\/v2\/product_cat?post=22419"},{"taxonomy":"product_tag","embeddable":true,"href":"https:\/\/renovatus.si\/sl\/wp-json\/wp\/v2\/product_tag?post=22419"}],"curies":[{"name":"wp","href":"https:\/\/api.w.org\/{rel}","templated":true}]}}