{"id":22524,"date":"2025-12-01T11:59:36","date_gmt":"2025-12-01T10:59:36","guid":{"rendered":"https:\/\/renovatus.si\/izdelek\/ls-tm-t12-tuyamifare-ls-tm-t12-tuyamifare\/"},"modified":"2025-12-01T12:33:56","modified_gmt":"2025-12-01T11:33:56","slug":"kontrola-dostopa-ls-tm-t12-tuya-mifare","status":"publish","type":"product","link":"https:\/\/renovatus.si\/sl\/izdelek\/kontrola-dostopa-ls-tm-t12-tuya-mifare\/","title":{"rendered":"Kontrola dostopa LS-TM-T12-TUYA+MIFARE \u2013 Pametni nadzor vhodov z Tuya in MIFARE"},"content":{"rendered":"<p>LS-TM-T12-TUYA+MIFARE je napreden in izjemno zanesljiv sistem za nadzor dostopa, ki zdru\u017euje preverjeno tehnologijo MIFARE kartic ter sodobno pametno platformo TUYA IoT. Ta kombinacija omogo\u010da celovit, varen in fleksibilen nadzor dostopa, ki ga lahko upravljate popolnoma brez\u017ei\u010dno prek intuitivne mobilne aplikacije. Zaradi svoje napredne funkcionalnosti je idealen za stanovanjske stavbe, pisarne, hotele, \u0161ole, podjetja in vse objekte, kjer je potrebna visoka stopnja varnosti in pregled nad uporabniki. Sistem omogo\u010da hitro, natan\u010dno in varno prepoznavanje MIFARE kartic, brezsti\u010dnih obeskov ali oznak, kar zagotavlja za\u0161\u010dito pred nepoobla\u0161\u010denim vstopom. Z aplikacijo TUYA lahko v realnem \u010dasu upravljate dostopne pravice, dodajate nove uporabnike, omejujete dovoljenja ali preverjate zgodovino dostopov, ne glede na to, kje se nahajate. To je izjemno uporabno za upravnike objektov, lastnike apartmajev, hotelske sobe ali podjetja, kjer je potreben stalen nadzor. Sodobna in robustna konstrukcija naprave omogo\u010da dolgotrajno delovanje tudi v zahtevnej\u0161ih pogojih. Elegantna oblika pa se lepo vklju\u010di v vsak interier. LS-TM-T12-TUYA+MIFARE je popolna izbira za vse, ki \u017eelijo zanesljivo, napredno in pametno re\u0161itev za popoln nadzor dostopa v svojem prostoru.<\/p>\n","protected":false},"excerpt":{"rendered":"<p>LS-TM-T12-TUYA+MIFARE je napreden in izjemno zanesljiv sistem za nadzor dostopa, ki zdru\u017euje preverjeno tehnologijo MIFARE kartic ter sodobno pametno platformo TUYA IoT.<\/p>\n","protected":false},"featured_media":22525,"comment_status":"open","ping_status":"closed","template":"","meta":{"_acf_changed":false},"product_brand":[],"product_cat":[3656],"product_tag":[],"class_list":{"0":"post-22524","1":"product","2":"type-product","3":"status-publish","4":"has-post-thumbnail","6":"product_cat-pametne_kljucavnice","7":"pa_dimenzija-3659","8":"pa_model-ls-tm-t12-tuyamifare","9":"pa_vrsta-kljucavnice-aplikacija-kartica-kodna-knjiga","10":"pa_zascita-ip68","12":"first","13":"instock","14":"taxable","15":"shipping-taxable","16":"purchasable","17":"product-type-simple"},"acf":[],"_links":{"self":[{"href":"https:\/\/renovatus.si\/sl\/wp-json\/wp\/v2\/product\/22524","targetHints":{"allow":["GET"]}}],"collection":[{"href":"https:\/\/renovatus.si\/sl\/wp-json\/wp\/v2\/product"}],"about":[{"href":"https:\/\/renovatus.si\/sl\/wp-json\/wp\/v2\/types\/product"}],"replies":[{"embeddable":true,"href":"https:\/\/renovatus.si\/sl\/wp-json\/wp\/v2\/comments?post=22524"}],"wp:featuredmedia":[{"embeddable":true,"href":"https:\/\/renovatus.si\/sl\/wp-json\/wp\/v2\/media\/22525"}],"wp:attachment":[{"href":"https:\/\/renovatus.si\/sl\/wp-json\/wp\/v2\/media?parent=22524"}],"wp:term":[{"taxonomy":"product_brand","embeddable":true,"href":"https:\/\/renovatus.si\/sl\/wp-json\/wp\/v2\/product_brand?post=22524"},{"taxonomy":"product_cat","embeddable":true,"href":"https:\/\/renovatus.si\/sl\/wp-json\/wp\/v2\/product_cat?post=22524"},{"taxonomy":"product_tag","embeddable":true,"href":"https:\/\/renovatus.si\/sl\/wp-json\/wp\/v2\/product_tag?post=22524"}],"curies":[{"name":"wp","href":"https:\/\/api.w.org\/{rel}","templated":true}]}}