{"id":22645,"date":"2025-12-07T15:02:55","date_gmt":"2025-12-07T14:02:55","guid":{"rendered":"https:\/\/renovatus.si\/izdelek\/ts-xm-pt825d-80w-ts-xm-pt825d-80w\/"},"modified":"2026-01-19T12:14:36","modified_gmt":"2026-01-19T11:14:36","slug":"wi-fi-ptz-kamera-8mp-profesionalni-video","status":"publish","type":"product","link":"https:\/\/renovatus.si\/sl\/izdelek\/wi-fi-ptz-kamera-8mp-profesionalni-video\/","title":{"rendered":"WI-FI PTZ kamera 8MP \u2013 profesionalni nadzor v visoki lo\u010dljivosti"},"content":{"rendered":"<h2 data-start=\"318\" data-end=\"383\" data-rm-block-id=\"block-1\">\ud83d\udd0e Klju\u010dne lastnosti izdelka \u2013 <strong data-start=\"352\" data-end=\"383\">Dual Lens PoE PTZ Camera 8X<\/strong><\/h2>\n<h3 data-start=\"385\" data-end=\"404\" data-rm-block-id=\"block-2\">\ud83d\udce6 Osnovni opis<\/h3>\n<p data-start=\"405\" data-end=\"704\" data-rm-block-id=\"block-3\">Gre za <strong data-start=\"412\" data-end=\"474\">8 MP dual-lens PTZ (pan\/tilt\/zoom) PoE IP varnostno kamero<\/strong> z dvema le\u010dama in me\u0161animi funkcijami za \u0161ir\u0161i nadzor in ve\u010d podrobnosti na enem IP naslovu. Kamera je zasnovana za <strong data-start=\"591\" data-end=\"622\">zunanjo in notranjo uporabo<\/strong> z <strong data-start=\"625\" data-end=\"643\">PoE napajanjem<\/strong> (Power over Ethernet).<\/p>\n<hr data-start=\"706\" data-end=\"709\" data-rm-block-id=\"block-4\" \/>\n<h2 data-start=\"711\" data-end=\"733\" data-rm-block-id=\"block-5\">\ud83d\udcf8 Kamera in senzor<\/h2>\n<ul data-start=\"734\" data-end=\"1066\">\n<li data-start=\"734\" data-end=\"823\">\n<p data-start=\"736\" data-end=\"823\" data-rm-block-id=\"block-6\"><strong data-start=\"736\" data-end=\"751\">Lo\u010dljivost:<\/strong> 8 MP (skupaj 2 \u00d7 4 MP senzorja)<\/p>\n<\/li>\n<li data-start=\"824\" data-end=\"946\">\n<p data-start=\"826\" data-end=\"946\" data-rm-block-id=\"block-7\"><strong data-start=\"826\" data-end=\"848\">Dual-lens zasnova:<\/strong> 2.8 mm + 12 mm le\u010di za \u0161ir\u0161i pogled in podrobnej\u0161i nadzor<\/p>\n<\/li>\n<li data-start=\"947\" data-end=\"1066\">\n<p data-start=\"949\" data-end=\"1066\" data-rm-block-id=\"block-8\"><strong data-start=\"949\" data-end=\"970\">Video kompresija:<\/strong> H.265\/H.264 \u2013 manj\u0161a poraba prostora, dalj\u0161e shranjevanje<\/p>\n<\/li>\n<\/ul>\n<hr data-start=\"1068\" data-end=\"1071\" data-rm-block-id=\"block-9\" \/>\n<h2 data-start=\"1073\" data-end=\"1090\" data-rm-block-id=\"block-10\">\ud83d\udd04 PTZ in zoom<\/h2>\n<ul data-start=\"1091\" data-end=\"1429\">\n<li data-start=\"1091\" data-end=\"1202\">\n<p data-start=\"1093\" data-end=\"1202\" data-rm-block-id=\"block-11\"><strong data-start=\"1093\" data-end=\"1111\">PTZ-mehanizem:<\/strong> <strong data-start=\"1112\" data-end=\"1124\">Pan 355\u00b0<\/strong> horizontalno, <strong data-start=\"1139\" data-end=\"1151\">Tilt 90\u00b0<\/strong> vertikalno<\/p>\n<\/li>\n<li data-start=\"1203\" data-end=\"1313\">\n<p data-start=\"1205\" data-end=\"1313\" data-rm-block-id=\"block-12\"><strong data-start=\"1205\" data-end=\"1217\">8X zoom:<\/strong> kombinacija opti\u010dnega in digitalnega zooma (me\u0161an zoom)<\/p>\n<\/li>\n<li data-start=\"1314\" data-end=\"1429\">\n<p data-start=\"1316\" data-end=\"1429\" data-rm-block-id=\"block-13\"><strong data-start=\"1316\" data-end=\"1334\">Auto tracking:<\/strong> sledenje objektom, ki spro\u017eijo alarm ali zaznavo gibanja<\/p>\n<\/li>\n<\/ul>\n<hr data-start=\"1431\" data-end=\"1434\" data-rm-block-id=\"block-14\" \/>\n<h2 data-start=\"1436\" data-end=\"1460\" data-rm-block-id=\"block-15\">\ud83c\udf19 No\u010dni vid in alarm<\/h2>\n<ul data-start=\"1461\" data-end=\"1812\">\n<li data-start=\"1461\" data-end=\"1577\">\n<p data-start=\"1463\" data-end=\"1577\" data-rm-block-id=\"block-16\"><strong data-start=\"1463\" data-end=\"1483\">Barvni no\u010dni vid<\/strong> \u2013 kamera omogo\u010da barvno sliko tudi pri \u0161ibki svetlobi<\/p>\n<\/li>\n<li data-start=\"1578\" data-end=\"1703\">\n<p data-start=\"1580\" data-end=\"1703\" data-rm-block-id=\"block-17\"><strong data-start=\"1580\" data-end=\"1609\">Detekcija gibanja \/ ljudi<\/strong> \u2013 inteligentno zaznavanje, filtriranje la\u017enih alarmov<\/p>\n<\/li>\n<li data-start=\"1704\" data-end=\"1812\">\n<p data-start=\"1706\" data-end=\"1812\" data-rm-block-id=\"block-18\"><strong data-start=\"1706\" data-end=\"1722\">Alarmna lu\u010d:<\/strong> lahko vklopi LED ali svetlobne signale ob zaznavi<\/p>\n<\/li>\n<\/ul>\n<hr data-start=\"1814\" data-end=\"1817\" data-rm-block-id=\"block-19\" \/>\n<h2 data-start=\"1819\" data-end=\"1846\" data-rm-block-id=\"block-20\">\ud83d\udd0a Avdio in povezljivost<\/h2>\n<ul data-start=\"1847\" data-end=\"2249\">\n<li data-start=\"1847\" data-end=\"1982\">\n<p data-start=\"1849\" data-end=\"1982\" data-rm-block-id=\"block-21\"><strong data-start=\"1849\" data-end=\"1882\">Dvosmerna avdio komunikacija:<\/strong> vgrajen mikrofon in zvo\u010dnik za komunikacijo ali opozorila<\/p>\n<\/li>\n<li data-start=\"1983\" data-end=\"2107\">\n<p data-start=\"1985\" data-end=\"2107\" data-rm-block-id=\"block-22\"><strong data-start=\"1985\" data-end=\"2019\">PoE 802.3af \/ 802.3at podpora:<\/strong> napajanje in podatki po enem kablu (Ethernet)<\/p>\n<\/li>\n<li data-start=\"2108\" data-end=\"2249\">\n<p data-start=\"2110\" data-end=\"2249\" data-rm-block-id=\"block-23\"><strong data-start=\"2110\" data-end=\"2147\">Daljinski nadzor prek aplikacije:<\/strong> podpora za aplikacije, ki omogo\u010dajo ogled v \u017eivo in obvestila<\/p>\n<\/li>\n<\/ul>\n<hr data-start=\"2251\" data-end=\"2254\" data-rm-block-id=\"block-24\" \/>\n<h2 data-start=\"2256\" data-end=\"2282\" data-rm-block-id=\"block-25\">\ud83d\udee1\ufe0f Uporaba in funkcije<\/h2>\n<ul data-start=\"2283\" data-end=\"2711\">\n<li data-start=\"2283\" data-end=\"2459\">\n<p data-start=\"2285\" data-end=\"2459\" data-rm-block-id=\"block-26\"><strong data-start=\"2285\" data-end=\"2305\">Zunanja uporaba:<\/strong> mo\u017enosti za\u0161\u010dite proti vremenskim vplivom, primerna za vrata, dvori\u0161\u010da, poslovne prostore<\/p>\n<\/li>\n<li data-start=\"2460\" data-end=\"2591\">\n<p data-start=\"2462\" data-end=\"2591\" data-rm-block-id=\"block-27\"><strong data-start=\"2462\" data-end=\"2479\">Shranjevanje:<\/strong> obi\u010dajno <strong data-start=\"2489\" data-end=\"2526\">Micro SD + oblaki ali NVR podpora<\/strong><\/p>\n<\/li>\n<li data-start=\"2592\" data-end=\"2711\">\n<p data-start=\"2594\" data-end=\"2711\" data-rm-block-id=\"block-28\"><strong data-start=\"2594\" data-end=\"2623\">En IP naslov za dve le\u010di:<\/strong> omogo\u010da isto\u010dasno panoramski in podroben pogled<\/p>\n<\/li>\n<\/ul>\n","protected":false},"excerpt":{"rendered":"<p>Wi-Fi kamera z dvojnim objektivom 4MP + 4MP ponuja izjemno \u0161iroko vidno polje, visokokakovostno sliko in napredne varnostne funkcije. Dva objektiva omogo\u010data nadzor brez mrtvih kotov, Wi-Fi povezava pa zagotavlja enostavno namestitev. Idealen izbor za domove in podjetja, ki potrebujejo zanesljiv 24\/7 nadzor.<\/p>\n","protected":false},"featured_media":22646,"comment_status":"open","ping_status":"closed","template":"","meta":{"_acf_changed":false},"product_brand":[],"product_cat":[3696],"product_tag":[],"class_list":{"0":"post-22645","1":"product","2":"type-product","3":"status-publish","4":"has-post-thumbnail","6":"product_cat-kamere","7":"pa_barva-bela","8":"pa_locljivost-kamere-dvojni-4mp-objektiv","9":"pa_model-ts-xm-pt825d-80w","11":"first","12":"instock","13":"sale","14":"taxable","15":"shipping-taxable","16":"purchasable","17":"product-type-simple"},"acf":[],"_links":{"self":[{"href":"https:\/\/renovatus.si\/sl\/wp-json\/wp\/v2\/product\/22645","targetHints":{"allow":["GET"]}}],"collection":[{"href":"https:\/\/renovatus.si\/sl\/wp-json\/wp\/v2\/product"}],"about":[{"href":"https:\/\/renovatus.si\/sl\/wp-json\/wp\/v2\/types\/product"}],"replies":[{"embeddable":true,"href":"https:\/\/renovatus.si\/sl\/wp-json\/wp\/v2\/comments?post=22645"}],"wp:featuredmedia":[{"embeddable":true,"href":"https:\/\/renovatus.si\/sl\/wp-json\/wp\/v2\/media\/22646"}],"wp:attachment":[{"href":"https:\/\/renovatus.si\/sl\/wp-json\/wp\/v2\/media?parent=22645"}],"wp:term":[{"taxonomy":"product_brand","embeddable":true,"href":"https:\/\/renovatus.si\/sl\/wp-json\/wp\/v2\/product_brand?post=22645"},{"taxonomy":"product_cat","embeddable":true,"href":"https:\/\/renovatus.si\/sl\/wp-json\/wp\/v2\/product_cat?post=22645"},{"taxonomy":"product_tag","embeddable":true,"href":"https:\/\/renovatus.si\/sl\/wp-json\/wp\/v2\/product_tag?post=22645"}],"curies":[{"name":"wp","href":"https:\/\/api.w.org\/{rel}","templated":true}]}}