{"id":22651,"date":"2025-12-07T15:02:55","date_gmt":"2025-12-07T14:02:55","guid":{"rendered":"https:\/\/renovatus.si\/izdelek\/ts-gj-cg6x-20wsl-ts-gj-cg6x-20wsl\/"},"modified":"2026-04-13T00:00:51","modified_gmt":"2026-04-12T23:00:51","slug":"baterijska-wi-fi-kamera-2mp-s-soncnim-panelom","status":"publish","type":"product","link":"https:\/\/renovatus.si\/sl\/izdelek\/baterijska-wi-fi-kamera-2mp-s-soncnim-panelom\/","title":{"rendered":"Baterijska WI-FI kamera 2MP s son\u010dnim panelom"},"content":{"rendered":"<p>I\u0161\u010dete <strong data-start=\"277\" data-end=\"321\">prakti\u010dno in brez\u017ei\u010dno varnostno re\u0161itev<\/strong> za svoj dom ali pisarno?<br data-start=\"346\" data-end=\"349\" \/>Na\u0161a <strong data-start=\"354\" data-end=\"401\"><em data-start=\"356\" data-end=\"399\">\u00a02MP IP WiFi Smart Battery Camera<\/em><\/strong> ponuja <strong data-start=\"409\" data-end=\"445\">enostavno namestitev brez kablov<\/strong>, <strong data-start=\"447\" data-end=\"487\">24\/7 nadzor preko mobilne aplikacije<\/strong> in <strong data-start=\"491\" data-end=\"527\">zanesljivo spremljanje dogajanja<\/strong>.<\/p>\n<h3 data-start=\"694\" data-end=\"727\">\ud83d\udfe2 L<strong data-start=\"701\" data-end=\"725\">astnosti kamere<\/strong><\/h3>\n<ul data-start=\"729\" data-end=\"1451\">\n<li data-start=\"729\" data-end=\"792\">\n<p data-start=\"731\" data-end=\"792\">\ud83d\udcf8 <strong data-start=\"734\" data-end=\"761\"><em data-start=\"736\" data-end=\"759\">2MP visoka lo\u010dljivost<\/em><\/strong> \u2013 jasni in podrobni posnetki<\/p>\n<\/li>\n<li data-start=\"793\" data-end=\"846\">\n<p data-start=\"795\" data-end=\"846\">\ud83d\udd0b <strong data-start=\"798\" data-end=\"822\"><em data-start=\"800\" data-end=\"820\">Brez\u017ei\u010dna baterija<\/em><\/strong> \u2013 monta\u017ea brez kablov<\/p>\n<\/li>\n<li data-start=\"847\" data-end=\"902\">\n<p data-start=\"849\" data-end=\"902\">\ud83c\udf19 <strong data-start=\"852\" data-end=\"874\"><em data-start=\"854\" data-end=\"872\">No\u010dni vid IR LED<\/em><\/strong> \u2013 jasna slika tudi pono\u010di<\/p>\n<\/li>\n<li data-start=\"903\" data-end=\"971\">\n<p data-start=\"905\" data-end=\"971\">\ud83d\udd0a <strong data-start=\"908\" data-end=\"928\"><em data-start=\"910\" data-end=\"926\">Dvosmerni zvok<\/em><\/strong> \u2013 poslu\u0161ajte in govorite prek aplikacije<\/p>\n<\/li>\n<li data-start=\"972\" data-end=\"1051\">\n<p data-start=\"974\" data-end=\"1051\">\ud83d\udea8 <strong data-start=\"977\" data-end=\"1003\"><em data-start=\"979\" data-end=\"1001\">AI detekcija gibanja<\/em><\/strong> \u2013 zaznavanje ljudi z obvestili v realnem \u010dasu<\/p>\n<\/li>\n<li data-start=\"1052\" data-end=\"1122\">\n<p data-start=\"1054\" data-end=\"1122\">\ud83d\udcf1 <strong data-start=\"1057\" data-end=\"1089\"><em data-start=\"1059\" data-end=\"1087\">WiFi povezava + aplikacija<\/em><\/strong> \u2013 nadzor kjerkoli in kadarkoli<\/p>\n<\/li>\n<li data-start=\"1123\" data-end=\"1182\">\n<p data-start=\"1125\" data-end=\"1182\">\ud83c\udf27 <strong data-start=\"1128\" data-end=\"1150\"><em data-start=\"1130\" data-end=\"1148\">IP65 vodoodporna<\/em><\/strong> \u2013 notranja in zunanja uporaba<\/p>\n<\/li>\n<li data-start=\"1183\" data-end=\"1246\">\n<p data-start=\"1185\" data-end=\"1246\">\u26a1 <strong data-start=\"1187\" data-end=\"1210\"><em data-start=\"1189\" data-end=\"1208\">Enostavna monta\u017ea<\/em><\/strong> \u2013 brez dodatnih kablov ali opreme<\/p>\n<\/li>\n<li data-start=\"1247\" data-end=\"1301\">\n<p data-start=\"1249\" data-end=\"1301\">\ud83d\udcbe <strong data-start=\"1252\" data-end=\"1270\"><em data-start=\"1254\" data-end=\"1268\">Shranjevanje<\/em><\/strong> \u2013 Micro SD kartica ali oblak<\/p>\n<\/li>\n<li data-start=\"1302\" data-end=\"1364\">\n<p data-start=\"1304\" data-end=\"1364\">\ud83d\udd14 <strong data-start=\"1307\" data-end=\"1335\"><em data-start=\"1309\" data-end=\"1333\">Alarm \/ push obvestila<\/em><\/strong> \u2013 takoj ob zaznavi gibanja<\/p>\n<\/li>\n<li data-start=\"1365\" data-end=\"1451\">\n<p data-start=\"1367\" data-end=\"1451\">\ud83c\udfe1 <strong data-start=\"1370\" data-end=\"1403\"><em data-start=\"1372\" data-end=\"1401\">Notranja in zunanja uporaba<\/em><\/strong> \u2013 fleksibilna re\u0161itev za vsak dom ali pisarno<\/p>\n<\/li>\n<li data-start=\"1365\" data-end=\"1451\">\ud83c\udf1e <strong data-start=\"1015\" data-end=\"1038\"><em data-start=\"1017\" data-end=\"1036\">Solarno polnjenje<\/em><\/strong> \u2013 vgrajen son\u010dni kolektor omogo\u010da neprekinjeno delovanje, baterija zdr\u017ei <strong data-start=\"1112\" data-end=\"1129\">do 6\u20138 tednov<\/strong> brez dodatnega polnjenja, odvisno od son\u010dne svetlobe<\/li>\n<\/ul>\n","protected":false},"excerpt":{"rendered":"<p>2MP WiFi Smart Battery kamera \u2013 brez\u017ei\u010dna, AI detekcija, no\u010dni vid, dvosmerni zvok, nadzor doma 24\/7, notranja in zunanja uporaba.<\/p>\n","protected":false},"featured_media":22652,"comment_status":"open","ping_status":"closed","template":"","meta":{"_acf_changed":false},"product_brand":[],"product_cat":[3696],"product_tag":[],"class_list":{"0":"post-22651","1":"product","2":"type-product","3":"status-publish","4":"has-post-thumbnail","6":"product_cat-kamere","7":"pa_barva-bela","8":"pa_locljivost-kamere-2mp","9":"pa_model-ts-gj-cg6x-20wsl","11":"first","12":"instock","13":"taxable","14":"shipping-taxable","15":"purchasable","16":"product-type-simple"},"acf":[],"_links":{"self":[{"href":"https:\/\/renovatus.si\/sl\/wp-json\/wp\/v2\/product\/22651","targetHints":{"allow":["GET"]}}],"collection":[{"href":"https:\/\/renovatus.si\/sl\/wp-json\/wp\/v2\/product"}],"about":[{"href":"https:\/\/renovatus.si\/sl\/wp-json\/wp\/v2\/types\/product"}],"replies":[{"embeddable":true,"href":"https:\/\/renovatus.si\/sl\/wp-json\/wp\/v2\/comments?post=22651"}],"wp:featuredmedia":[{"embeddable":true,"href":"https:\/\/renovatus.si\/sl\/wp-json\/wp\/v2\/media\/22652"}],"wp:attachment":[{"href":"https:\/\/renovatus.si\/sl\/wp-json\/wp\/v2\/media?parent=22651"}],"wp:term":[{"taxonomy":"product_brand","embeddable":true,"href":"https:\/\/renovatus.si\/sl\/wp-json\/wp\/v2\/product_brand?post=22651"},{"taxonomy":"product_cat","embeddable":true,"href":"https:\/\/renovatus.si\/sl\/wp-json\/wp\/v2\/product_cat?post=22651"},{"taxonomy":"product_tag","embeddable":true,"href":"https:\/\/renovatus.si\/sl\/wp-json\/wp\/v2\/product_tag?post=22651"}],"curies":[{"name":"wp","href":"https:\/\/api.w.org\/{rel}","templated":true}]}}