{"id":22657,"date":"2025-12-07T15:03:10","date_gmt":"2025-12-07T14:03:10","guid":{"rendered":"https:\/\/renovatus.si\/izdelek\/ts-xm-6108k-ts-xm-6108k\/"},"modified":"2026-01-19T11:56:14","modified_gmt":"2026-01-19T10:56:14","slug":"8-kanalni-4k-omrezni-video-snemalnik","status":"publish","type":"product","link":"https:\/\/renovatus.si\/sl\/izdelek\/8-kanalni-4k-omrezni-video-snemalnik\/","title":{"rendered":"8-kanalni 4K omre\u017eni video snemalnik"},"content":{"rendered":"<p>Napreden <strong data-start=\"255\" data-end=\"290\">\u00a08CH 5MP PoE CCTV sistem<\/strong> nudi <strong data-start=\"296\" data-end=\"323\">super HD 5MP lo\u010dljivost<\/strong>, <strong data-start=\"325\" data-end=\"359\">AI zaznavanje ljudi in obrazov<\/strong>, <strong data-start=\"361\" data-end=\"379\">dvosmerni zvok<\/strong> ter <strong data-start=\"384\" data-end=\"404\">barvni no\u010dni vid<\/strong>. Sistem omogo\u010da <strong data-start=\"421\" data-end=\"479\">PoE priklop (en kabel za napajanje in prenos podatkov)<\/strong>. Idealno za <strong data-start=\"492\" data-end=\"523\">notranjo in zunanjo uporabo<\/strong>, zagotavlja <strong data-start=\"536\" data-end=\"558\">popoln nadzor 24\/7<\/strong>.<\/p>\n<p>&nbsp;<\/p>\n<ul>\n<li data-start=\"757\" data-end=\"822\">\n<p data-start=\"759\" data-end=\"822\">\ud83d\udcf8 <strong data-start=\"762\" data-end=\"778\"><em data-start=\"764\" data-end=\"776\">Lo\u010dljivost<\/em><\/strong> \u2013 5\u202fMP Super HD, kristalno jasni posnetki<\/p>\n<\/li>\n<li data-start=\"823\" data-end=\"872\">\n<p data-start=\"825\" data-end=\"872\">\ud83c\udf19 <strong data-start=\"828\" data-end=\"843\"><em data-start=\"830\" data-end=\"841\">No\u010dni vid<\/em><\/strong> \u2013 barvni no\u010dni vid do 30\u202fm<\/p>\n<\/li>\n<li data-start=\"873\" data-end=\"938\">\n<p data-start=\"875\" data-end=\"938\">\ud83d\udea8 <strong data-start=\"878\" data-end=\"903\"><em data-start=\"880\" data-end=\"901\">AI zaznavanje ljudi<\/em><\/strong> \u2013 prepre\u010duje 99\u202f% la\u017enih alarmov<\/p>\n<\/li>\n<li data-start=\"939\" data-end=\"1002\">\n<p data-start=\"941\" data-end=\"1002\">\ud83d\udd34\ud83d\udd35 <strong data-start=\"946\" data-end=\"957\"><em data-start=\"948\" data-end=\"955\">Alarm<\/em><\/strong> \u2013 rde\u010de-modri opozorilni signal ob zaznavi<\/p>\n<\/li>\n<li data-start=\"1003\" data-end=\"1072\">\n<p data-start=\"1005\" data-end=\"1072\">\ud83c\udfaf <strong data-start=\"1008\" data-end=\"1035\"><em data-start=\"1010\" data-end=\"1033\">Prepoznavanje obrazov<\/em><\/strong> \u2013 snemanje in obve\u0161\u010danje o obrazih<\/p>\n<\/li>\n<li data-start=\"1073\" data-end=\"1142\">\n<p data-start=\"1075\" data-end=\"1142\">\ud83d\ude97 <strong data-start=\"1078\" data-end=\"1103\"><em data-start=\"1080\" data-end=\"1101\">Prepoznavanje vozil<\/em><\/strong> \u2013 zaznava vozila in po\u0161lje obvestilo<\/p>\n<\/li>\n<li data-start=\"1143\" data-end=\"1217\">\n<p data-start=\"1145\" data-end=\"1217\">\ud83d\udd0a <strong data-start=\"1148\" data-end=\"1168\"><em data-start=\"1150\" data-end=\"1166\">Dvosmerni zvok<\/em><\/strong> \u2013 mikrofon in zvo\u010dnik, pogovor prek aplikacije<\/p>\n<\/li>\n<li data-start=\"1218\" data-end=\"1293\">\n<p data-start=\"1220\" data-end=\"1293\">\ud83d\udcf1 <strong data-start=\"1223\" data-end=\"1245\"><em data-start=\"1225\" data-end=\"1243\">Daljinski nadzor<\/em><\/strong> \u2013 XMEye aplikacija za telefon, tablico ali PC<\/p>\n<\/li>\n<li data-start=\"1294\" data-end=\"1365\">\n<p data-start=\"1296\" data-end=\"1365\">\ud83d\udd04 <strong data-start=\"1299\" data-end=\"1320\"><em data-start=\"1301\" data-end=\"1318\">PoE Plug &amp; Play<\/em><\/strong> \u2013 en kabel za napajanje in prenos podatkov<\/p>\n<\/li>\n<li data-start=\"1366\" data-end=\"1431\">\n<p data-start=\"1368\" data-end=\"1431\">\ud83d\udcbe <strong data-start=\"1371\" data-end=\"1389\"><em data-start=\"1373\" data-end=\"1387\">Shranjevanje<\/em><\/strong> \u2013 Micro SD, HDD, H.265 video kompresija<\/p>\n<\/li>\n<li data-start=\"1432\" data-end=\"1506\">\n<p data-start=\"1434\" data-end=\"1506\">\ud83c\udf27 <strong data-start=\"1437\" data-end=\"1456\"><em data-start=\"1439\" data-end=\"1454\">Vodoodpornost<\/em><\/strong> \u2013 IP66, primerna za notranjo in zunanjo uporabo<\/p>\n<\/li>\n<li data-start=\"1507\" data-end=\"1570\">\n<p data-start=\"1509\" data-end=\"1570\">\ud83d\udee0 <strong data-start=\"1512\" data-end=\"1525\"><em data-start=\"1514\" data-end=\"1523\">Monta\u017ea<\/em><\/strong> \u2013 enostavna, brez dodatne tehni\u010dne podpore<\/p>\n<\/li>\n<li data-start=\"1571\" data-end=\"1641\">\n<p data-start=\"1573\" data-end=\"1641\">\u26a1 <strong data-start=\"1575\" data-end=\"1618\"><em data-start=\"1577\" data-end=\"1616\">Delovanje pri ekstremnih temperaturah<\/em><\/strong> \u2013 od -25\u202f\u00b0C do 50\u202f\u00b0C<\/p>\n<\/li>\n<li data-start=\"1642\" data-end=\"1703\">\n<p data-start=\"1644\" data-end=\"1703\">\ud83d\udda5 <strong data-start=\"1647\" data-end=\"1667\"><em data-start=\"1649\" data-end=\"1665\">Kompatibilnost<\/em><\/strong> \u2013 Android, iOS, MacOS, Windows 10<\/p>\n<\/li>\n<li data-start=\"1704\" data-end=\"1774\">\n<p data-start=\"1706\" data-end=\"1774\">\ud83c\udf10 <strong data-start=\"1709\" data-end=\"1721\"><em data-start=\"1711\" data-end=\"1719\">Jeziki<\/em><\/strong> \u2013 ve\u010d jezikov: angle\u0161\u010dina, \u0161pan\u0161\u010dina, ru\u0161\u010dina itd.<\/p>\n<\/li>\n<\/ul>\n","protected":false},"excerpt":{"rendered":"<p>8-kanalni 4K NVR omogo\u010da snemanje do 8 IP kamer v Ultra HD lo\u010dljivosti z jasnimi in podrobnimi posnetki.<\/p>\n","protected":false},"featured_media":22658,"comment_status":"open","ping_status":"closed","template":"","meta":{"_acf_changed":false},"product_brand":[],"product_cat":[3696],"product_tag":[],"class_list":{"0":"post-22657","1":"product","2":"type-product","3":"status-publish","4":"has-post-thumbnail","6":"product_cat-kamere","7":"pa_model-ts-xm-6108k","9":"first","10":"instock","11":"sale","12":"taxable","13":"shipping-taxable","14":"purchasable","15":"product-type-simple"},"acf":[],"_links":{"self":[{"href":"https:\/\/renovatus.si\/sl\/wp-json\/wp\/v2\/product\/22657","targetHints":{"allow":["GET"]}}],"collection":[{"href":"https:\/\/renovatus.si\/sl\/wp-json\/wp\/v2\/product"}],"about":[{"href":"https:\/\/renovatus.si\/sl\/wp-json\/wp\/v2\/types\/product"}],"replies":[{"embeddable":true,"href":"https:\/\/renovatus.si\/sl\/wp-json\/wp\/v2\/comments?post=22657"}],"wp:featuredmedia":[{"embeddable":true,"href":"https:\/\/renovatus.si\/sl\/wp-json\/wp\/v2\/media\/22658"}],"wp:attachment":[{"href":"https:\/\/renovatus.si\/sl\/wp-json\/wp\/v2\/media?parent=22657"}],"wp:term":[{"taxonomy":"product_brand","embeddable":true,"href":"https:\/\/renovatus.si\/sl\/wp-json\/wp\/v2\/product_brand?post=22657"},{"taxonomy":"product_cat","embeddable":true,"href":"https:\/\/renovatus.si\/sl\/wp-json\/wp\/v2\/product_cat?post=22657"},{"taxonomy":"product_tag","embeddable":true,"href":"https:\/\/renovatus.si\/sl\/wp-json\/wp\/v2\/product_tag?post=22657"}],"curies":[{"name":"wp","href":"https:\/\/api.w.org\/{rel}","templated":true}]}}