{"id":22879,"date":"2026-01-04T21:17:55","date_gmt":"2026-01-04T20:17:55","guid":{"rendered":"https:\/\/renovatus.si\/izdelek\/dell-szgt6842\/"},"modified":"2026-01-29T17:28:38","modified_gmt":"2026-01-29T16:28:38","slug":"dell-optiplex-7040-mt-i7-6700-16gb-256gb","status":"publish","type":"product","link":"https:\/\/renovatus.si\/sl\/izdelek\/dell-optiplex-7040-mt-i7-6700-16gb-256gb\/","title":{"rendered":"Dell Optiplex 7040 MT i7-6700 16GB 256GB SATA SSD DVD"},"content":{"rendered":"<p data-start=\"617\" data-end=\"979\"><strong data-start=\"617\" data-end=\"674\">Dell Optiplex 7040 MT i7-6700 16GB 256GB SATA SSD DVD<\/strong> je zmogljiv namizni ra\u010dunalnik, zasnovan za profesionalne uporabnike, ki i\u0161\u010dejo stabilno in zanesljivo delovno postajo za pisarno ali doma. Ta model je odli\u010dna izbira za delo z zahtevnimi poslovnimi aplikacijami, ve\u010dopravilnost, urejanje dokumentov, brskanje po spletu, e-po\u0161to in multimedijske naloge.<\/p>\n<p data-start=\"981\" data-end=\"1373\">Ra\u010dunalnik poganja Intel Core i7-6700 procesor, ki zagotavlja hitro in nemoteno delovanje, tudi pri ve\u010djih obremenitvah. Vgrajenih 16 GB RAM omogo\u010da teko\u010de delo z ve\u010d aplikacijami hkrati, medtem ko 256GB SATA SSD poskrbi za hitro zaganjanje sistema in aplikacij ter izbolj\u0161ano odzivnost ra\u010dunalnika. Poleg tega je opremljen z DVD pogonom za enostavno branje in zapisovanje opti\u010dnih medijev.<\/p>\n<p data-start=\"1375\" data-end=\"1698\">Dell Optiplex 7040 MT je zanesljiv, robusten in omogo\u010da enostavno nadgradnjo pomnilnika in shrambe, kar pomeni, da lahko ra\u010dunalnik raste skupaj z va\u0161imi potrebami. Ta model je idealna izbira za podjetja, u\u010dilnice in profesionalne uporabnike, ki i\u0161\u010dejo kakovost, zmogljivost in dolgoro\u010dno zanesljivost v enem ra\u010dunalniku.<\/p>\n","protected":false},"excerpt":{"rendered":"<p>Dell Optiplex 7040 MT z i7, 16GB RAM in 256GB SSD, DVD pogon in odli\u010dna zmogljivost za delo in zabavo.<\/p>\n","protected":false},"featured_media":22798,"comment_status":"open","ping_status":"closed","template":"","meta":{"_acf_changed":false},"product_brand":[255],"product_cat":[2899,377],"product_tag":[],"class_list":{"0":"post-22879","1":"product","2":"type-product","3":"status-publish","4":"has-post-thumbnail","6":"product_brand-dell","7":"product_cat-obnovljeni_racunalniki","8":"product_cat-tower-namizni-racunalniki","9":"pa_generacija-procesorja-intel-6-generacije","10":"pa_graficna-kartica-intel-hd-graphics-530","11":"pa_os-windows10","12":"pa_podpora-windows11-ne","13":"pa_ram-16gb","14":"pa_tip-diska-sata-ssd","15":"pa_velikost-diska-256gb","16":"pa_znamka-dell","18":"first","19":"outofstock","20":"taxable","21":"shipping-taxable","22":"purchasable","23":"product-type-simple"},"acf":[],"_links":{"self":[{"href":"https:\/\/renovatus.si\/sl\/wp-json\/wp\/v2\/product\/22879","targetHints":{"allow":["GET"]}}],"collection":[{"href":"https:\/\/renovatus.si\/sl\/wp-json\/wp\/v2\/product"}],"about":[{"href":"https:\/\/renovatus.si\/sl\/wp-json\/wp\/v2\/types\/product"}],"replies":[{"embeddable":true,"href":"https:\/\/renovatus.si\/sl\/wp-json\/wp\/v2\/comments?post=22879"}],"wp:featuredmedia":[{"embeddable":true,"href":"https:\/\/renovatus.si\/sl\/wp-json\/wp\/v2\/media\/22798"}],"wp:attachment":[{"href":"https:\/\/renovatus.si\/sl\/wp-json\/wp\/v2\/media?parent=22879"}],"wp:term":[{"taxonomy":"product_brand","embeddable":true,"href":"https:\/\/renovatus.si\/sl\/wp-json\/wp\/v2\/product_brand?post=22879"},{"taxonomy":"product_cat","embeddable":true,"href":"https:\/\/renovatus.si\/sl\/wp-json\/wp\/v2\/product_cat?post=22879"},{"taxonomy":"product_tag","embeddable":true,"href":"https:\/\/renovatus.si\/sl\/wp-json\/wp\/v2\/product_tag?post=22879"}],"curies":[{"name":"wp","href":"https:\/\/api.w.org\/{rel}","templated":true}]}}