{"id":22933,"date":"2026-01-06T09:54:15","date_gmt":"2026-01-06T08:54:15","guid":{"rendered":"https:\/\/renovatus.si\/izdelek\/lenovo-nba15965\/"},"modified":"2026-03-16T14:05:37","modified_gmt":"2026-03-16T13:05:37","slug":"lenovo-thinkpad-l590-i3-8gb-256gb-nvme-fhd","status":"publish","type":"product","link":"https:\/\/renovatus.si\/sl\/izdelek\/lenovo-thinkpad-l590-i3-8gb-256gb-nvme-fhd\/","title":{"rendered":"Lenovo ThinkPad L590 i3 8GB 256GB NVMe FHD"},"content":{"rendered":"<p>Lenovo ThinkPad L590 je klasi\u010den poslovni prenosnik, zasnovan za zanesljivo vsakodnevno uporabo v pisarni\u0161kem okolju. Procesor Intel Core i3 omogo\u010da stabilno delovanje pri osnovnih in srednje zahtevnih opravilih, kot so delo z dokumenti, elektronsko po\u0161to, spletne aplikacije in videoklici. 8 GB delovnega pomnilnika in hiter NVMe SSD zagotavljata teko\u010de delovanje sistema in hitro nalaganje programov. Velik 15-pal\u010dni Full HD zaslon omogo\u010da udobno delo in bolj\u0161i pregled nad vsebino. ThinkPad serija slovi po odli\u010dni tipkovnici, vzdr\u017eljivem ohi\u0161ju in visoki zanesljivosti, zato je ta model dobra izbira za uporabnike, ki i\u0161\u010dejo cenovno dostopen, a preverjen poslovni prenosnik.<\/p>\n","protected":false},"excerpt":{"rendered":"<p>Klasi\u010den ThinkPad z i3 procesorjem, FHD zaslonom in NVMe SSD. Zanesljiv za vsakodnevna opravila.<\/p>\n","protected":false},"featured_media":22934,"comment_status":"open","ping_status":"closed","template":"","meta":{"_acf_changed":false},"product_brand":[254],"product_cat":[370,2899],"product_tag":[],"class_list":{"0":"post-22933","1":"product","2":"type-product","3":"status-publish","4":"has-post-thumbnail","6":"product_brand-lenovo","7":"product_cat-a_kakovost_obnovljeni_racunalniki","8":"product_cat-obnovljeni_racunalniki","9":"pa_diagonala-zaslona-3762","10":"pa_generacija-procesorja-intel-8-generacije","11":"pa_graficna-kartica-intel-uhd-graphics-620","12":"pa_os-windows11","13":"pa_podpora-windows11-da","14":"pa_resolucija-1920-x-1080","15":"pa_spletna-kamera-da","16":"pa_tip-diska-nvme-ssd","17":"pa_velikost-diska-256gb","18":"pa_znamka-lenovo","20":"first","21":"outofstock","22":"taxable","23":"shipping-taxable","24":"purchasable","25":"product-type-simple"},"acf":[],"_links":{"self":[{"href":"https:\/\/renovatus.si\/sl\/wp-json\/wp\/v2\/product\/22933","targetHints":{"allow":["GET"]}}],"collection":[{"href":"https:\/\/renovatus.si\/sl\/wp-json\/wp\/v2\/product"}],"about":[{"href":"https:\/\/renovatus.si\/sl\/wp-json\/wp\/v2\/types\/product"}],"replies":[{"embeddable":true,"href":"https:\/\/renovatus.si\/sl\/wp-json\/wp\/v2\/comments?post=22933"}],"wp:featuredmedia":[{"embeddable":true,"href":"https:\/\/renovatus.si\/sl\/wp-json\/wp\/v2\/media\/22934"}],"wp:attachment":[{"href":"https:\/\/renovatus.si\/sl\/wp-json\/wp\/v2\/media?parent=22933"}],"wp:term":[{"taxonomy":"product_brand","embeddable":true,"href":"https:\/\/renovatus.si\/sl\/wp-json\/wp\/v2\/product_brand?post=22933"},{"taxonomy":"product_cat","embeddable":true,"href":"https:\/\/renovatus.si\/sl\/wp-json\/wp\/v2\/product_cat?post=22933"},{"taxonomy":"product_tag","embeddable":true,"href":"https:\/\/renovatus.si\/sl\/wp-json\/wp\/v2\/product_tag?post=22933"}],"curies":[{"name":"wp","href":"https:\/\/api.w.org\/{rel}","templated":true}]}}