{"id":22953,"date":"2026-01-06T09:54:29","date_gmt":"2026-01-06T08:54:29","guid":{"rendered":"https:\/\/renovatus.si\/izdelek\/hp-nba13323\/"},"modified":"2026-01-29T17:35:30","modified_gmt":"2026-01-29T16:35:30","slug":"hp-elitebook-830-g8-i7-16gb-256gb-nvme-fhd-2","status":"publish","type":"product","link":"https:\/\/renovatus.si\/sl\/izdelek\/hp-elitebook-830-g8-i7-16gb-256gb-nvme-fhd-2\/","title":{"rendered":"HP EliteBook 830 G8 i7 16GB 256GB NVMe FHD"},"content":{"rendered":"<p>HP EliteBook 830 G8 je kompakten in izjemno zmogljiv poslovni prenosnik, namenjen profesionalnim uporabnikom, ki potrebujejo visoko zmogljivost v lahkem in prenosnem ohi\u0161ju. Procesor Intel Core i7 11. generacije z Iris Xe grafiko zagotavlja hitro in teko\u010de delovanje tudi pri zahtevnej\u0161ih poslovnih opravilih, ve\u010dopravilnosti in delu z naprednimi aplikacijami. 16 GB delovnega pomnilnika omogo\u010da nemoteno uporabo ve\u010d programov hkrati, NVMe SSD pa poskrbi za izjemno hiter zagon sistema in aplikacij. 13-pal\u010dni Full HD zaslon zagotavlja ostro sliko in udobno delo na poti ali v pisarni. EliteBook serija slovi po vrhunski izdelavi, varnostnih funkcijah in zanesljivosti, zato je ta model idealna izbira za zahtevne poslovne uporabnike.<\/p>\n","protected":false},"excerpt":{"rendered":"<p>Kompakten in zelo zmogljiv poslovni prenosnik z i7 procesorjem in Iris Xe grafiko.<\/p>\n","protected":false},"featured_media":22954,"comment_status":"open","ping_status":"closed","template":"","meta":{"_acf_changed":false},"product_brand":[253],"product_cat":[370,2899],"product_tag":[],"class_list":{"0":"post-22953","1":"product","2":"type-product","3":"status-publish","4":"has-post-thumbnail","6":"product_brand-hp","7":"product_cat-a_kakovost_obnovljeni_racunalniki","8":"product_cat-obnovljeni_racunalniki","9":"pa_diagonala-zaslona-3761","10":"pa_generacija-procesorja-intel-11-generacije","11":"pa_graficna-kartica-intel-iris-xe-graphics","12":"pa_os-windows11","13":"pa_podpora-windows11-da","14":"pa_resolucija-1920-x-1080","15":"pa_spletna-kamera-da","16":"pa_tip-diska-nvme-ssd","17":"pa_velikost-diska-256gb","18":"pa_znamka-hp","20":"first","21":"outofstock","22":"taxable","23":"shipping-taxable","24":"purchasable","25":"product-type-simple"},"acf":[],"_links":{"self":[{"href":"https:\/\/renovatus.si\/sl\/wp-json\/wp\/v2\/product\/22953","targetHints":{"allow":["GET"]}}],"collection":[{"href":"https:\/\/renovatus.si\/sl\/wp-json\/wp\/v2\/product"}],"about":[{"href":"https:\/\/renovatus.si\/sl\/wp-json\/wp\/v2\/types\/product"}],"replies":[{"embeddable":true,"href":"https:\/\/renovatus.si\/sl\/wp-json\/wp\/v2\/comments?post=22953"}],"wp:featuredmedia":[{"embeddable":true,"href":"https:\/\/renovatus.si\/sl\/wp-json\/wp\/v2\/media\/22954"}],"wp:attachment":[{"href":"https:\/\/renovatus.si\/sl\/wp-json\/wp\/v2\/media?parent=22953"}],"wp:term":[{"taxonomy":"product_brand","embeddable":true,"href":"https:\/\/renovatus.si\/sl\/wp-json\/wp\/v2\/product_brand?post=22953"},{"taxonomy":"product_cat","embeddable":true,"href":"https:\/\/renovatus.si\/sl\/wp-json\/wp\/v2\/product_cat?post=22953"},{"taxonomy":"product_tag","embeddable":true,"href":"https:\/\/renovatus.si\/sl\/wp-json\/wp\/v2\/product_tag?post=22953"}],"curies":[{"name":"wp","href":"https:\/\/api.w.org\/{rel}","templated":true}]}}