{"id":22963,"date":"2026-01-06T09:54:48","date_gmt":"2026-01-06T08:54:48","guid":{"rendered":"https:\/\/renovatus.si\/izdelek\/hp-nbam14543\/"},"modified":"2026-03-05T16:57:13","modified_gmt":"2026-03-05T15:57:13","slug":"hp-elitebook-840-g5-i7-16gb-512gb-nvme-fhd-2","status":"publish","type":"product","link":"https:\/\/renovatus.si\/sl\/izdelek\/hp-elitebook-840-g5-i7-16gb-512gb-nvme-fhd-2\/","title":{"rendered":"HP EliteBook 840 G5 i7 16GB 512GB NVMe FHD A-"},"content":{"rendered":"<p>HP EliteBook 840 G5 je zmogljiv poslovni prenosnik, namenjen uporabnikom, ki potrebujejo stabilno in zanesljivo napravo za zahtevnej\u0161e pisarni\u0161ko delo. Procesor Intel Core i7 osme generacije omogo\u010da teko\u010de delovanje pri ve\u010dopravilnosti, delu z obse\u017enimi dokumenti in poslovnimi aplikacijami. 16 GB delovnega pomnilnika zagotavlja nemoteno uporabo ve\u010d programov hkrati, 512 GB NVMe SSD pa hitro delovanje sistema in dovolj prostora za shranjevanje podatkov. 14-pal\u010dni Full HD zaslon omogo\u010da jasno sliko in udobno delo skozi ves dan. EliteBook serija je znana po robustnem ohi\u0161ju, varnostnih funkcijah in dolgi \u017eivljenjski dobi, zato je ta model odli\u010dna izbira za profesionalno poslovno uporabo.<\/p>\n","protected":false},"excerpt":{"rendered":"<p>Zmogljiv in vzdr\u017eljiv poslovni prenosnik z i7 procesorjem in 512 GB NVMe SSD.<\/p>\n","protected":false},"featured_media":22964,"comment_status":"open","ping_status":"closed","template":"","meta":{"_acf_changed":false},"product_brand":[253],"product_cat":[370,2899],"product_tag":[],"class_list":{"0":"post-22963","1":"product","2":"type-product","3":"status-publish","4":"has-post-thumbnail","6":"product_brand-hp","7":"product_cat-a_kakovost_obnovljeni_racunalniki","8":"product_cat-obnovljeni_racunalniki","9":"pa_diagonala-zaslona-3759","10":"pa_generacija-procesorja-intel-8-generacije","11":"pa_graficna-kartica-intel-uhd-graphics-620","12":"pa_os-windows11","13":"pa_podpora-windows11-da","14":"pa_resolucija-1920-x-1080","15":"pa_spletna-kamera-da","16":"pa_tip-diska-nvme-ssd","17":"pa_velikost-diska-512gb","18":"pa_znamka-hp","20":"first","21":"outofstock","22":"sale","23":"taxable","24":"shipping-taxable","25":"purchasable","26":"product-type-simple"},"acf":[],"_links":{"self":[{"href":"https:\/\/renovatus.si\/sl\/wp-json\/wp\/v2\/product\/22963","targetHints":{"allow":["GET"]}}],"collection":[{"href":"https:\/\/renovatus.si\/sl\/wp-json\/wp\/v2\/product"}],"about":[{"href":"https:\/\/renovatus.si\/sl\/wp-json\/wp\/v2\/types\/product"}],"replies":[{"embeddable":true,"href":"https:\/\/renovatus.si\/sl\/wp-json\/wp\/v2\/comments?post=22963"}],"wp:featuredmedia":[{"embeddable":true,"href":"https:\/\/renovatus.si\/sl\/wp-json\/wp\/v2\/media\/22964"}],"wp:attachment":[{"href":"https:\/\/renovatus.si\/sl\/wp-json\/wp\/v2\/media?parent=22963"}],"wp:term":[{"taxonomy":"product_brand","embeddable":true,"href":"https:\/\/renovatus.si\/sl\/wp-json\/wp\/v2\/product_brand?post=22963"},{"taxonomy":"product_cat","embeddable":true,"href":"https:\/\/renovatus.si\/sl\/wp-json\/wp\/v2\/product_cat?post=22963"},{"taxonomy":"product_tag","embeddable":true,"href":"https:\/\/renovatus.si\/sl\/wp-json\/wp\/v2\/product_tag?post=22963"}],"curies":[{"name":"wp","href":"https:\/\/api.w.org\/{rel}","templated":true}]}}