{"id":22974,"date":"2026-01-06T09:54:48","date_gmt":"2026-01-06T08:54:48","guid":{"rendered":"https:\/\/renovatus.si\/izdelek\/hp-nbb13728\/"},"modified":"2026-01-15T16:06:10","modified_gmt":"2026-01-15T15:06:10","slug":"hp-elitebook-x360-1030-g4-i5-16gb-touch-fhd","status":"publish","type":"product","link":"https:\/\/renovatus.si\/sl\/izdelek\/hp-elitebook-x360-1030-g4-i5-16gb-touch-fhd\/","title":{"rendered":"HP EliteBook x360 1030 G4 i5 16GB Touch FHD B"},"content":{"rendered":"<p>HP EliteBook x360 1030 G4 je eleganten in vsestranski poslovni prenosnik z vrtljivim zaslonom na dotik, zasnovan za uporabnike, ki potrebujejo prilagodljivo napravo za delo in predstavitve. Procesor Intel Core i5 zagotavlja zanesljivo delovanje pri pisarni\u0161kih opravilih in ve\u010dopravilnosti, 16 GB delovnega pomnilnika omogo\u010da teko\u010de delo brez zatikanja, NVMe SSD pa skrbi za hitro odzivnost sistema. Full HD zaslon na dotik omogo\u010da uporabo v ve\u010d na\u010dinih, kar pove\u010duje produktivnost. EliteBook serija je znana po vrhunski izdelavi, varnosti in zanesljivosti, zato je ta model odli\u010dna izbira za poslovno uporabo.<\/p>\n","protected":false},"excerpt":{"rendered":"<p>Eleganten 2v1 prenosnik z zaslonom na dotik, i5 procesorjem in kakovostno izdelavo.<\/p>\n","protected":false},"featured_media":22975,"comment_status":"open","ping_status":"closed","template":"","meta":{"_acf_changed":false},"product_brand":[253],"product_cat":[371,2899],"product_tag":[],"class_list":{"0":"post-22974","1":"product","2":"type-product","3":"status-publish","4":"has-post-thumbnail","6":"product_brand-hp","7":"product_cat-b_kakovost_obnovljeni_racunalniki","8":"product_cat-obnovljeni_racunalniki","9":"pa_diagonala-zaslona-3761","10":"pa_generacija-procesorja-intel-8-generacije","11":"pa_graficna-kartica-intel-uhd-graphics-620","12":"pa_os-windows11","13":"pa_podpora-windows11-da","14":"pa_resolucija-1920-x-1080","15":"pa_spletna-kamera-da","16":"pa_tip-diska-nvme-ssd","17":"pa_velikost-diska-256gb","18":"pa_znamka-hp","20":"first","21":"outofstock","22":"taxable","23":"shipping-taxable","24":"purchasable","25":"product-type-simple"},"acf":[],"_links":{"self":[{"href":"https:\/\/renovatus.si\/sl\/wp-json\/wp\/v2\/product\/22974","targetHints":{"allow":["GET"]}}],"collection":[{"href":"https:\/\/renovatus.si\/sl\/wp-json\/wp\/v2\/product"}],"about":[{"href":"https:\/\/renovatus.si\/sl\/wp-json\/wp\/v2\/types\/product"}],"replies":[{"embeddable":true,"href":"https:\/\/renovatus.si\/sl\/wp-json\/wp\/v2\/comments?post=22974"}],"wp:featuredmedia":[{"embeddable":true,"href":"https:\/\/renovatus.si\/sl\/wp-json\/wp\/v2\/media\/22975"}],"wp:attachment":[{"href":"https:\/\/renovatus.si\/sl\/wp-json\/wp\/v2\/media?parent=22974"}],"wp:term":[{"taxonomy":"product_brand","embeddable":true,"href":"https:\/\/renovatus.si\/sl\/wp-json\/wp\/v2\/product_brand?post=22974"},{"taxonomy":"product_cat","embeddable":true,"href":"https:\/\/renovatus.si\/sl\/wp-json\/wp\/v2\/product_cat?post=22974"},{"taxonomy":"product_tag","embeddable":true,"href":"https:\/\/renovatus.si\/sl\/wp-json\/wp\/v2\/product_tag?post=22974"}],"curies":[{"name":"wp","href":"https:\/\/api.w.org\/{rel}","templated":true}]}}