{"id":23178,"date":"2026-01-20T13:10:50","date_gmt":"2026-01-20T12:10:50","guid":{"rendered":"https:\/\/renovatus.si\/izdelek\/hisense-hs2100-117282\/"},"modified":"2026-01-20T16:30:06","modified_gmt":"2026-01-20T15:30:06","slug":"hisense-hs2100-soundbar-2-1-240w-dts-virtual","status":"publish","type":"product","link":"https:\/\/renovatus.si\/sl\/izdelek\/hisense-hs2100-soundbar-2-1-240w-dts-virtual\/","title":{"rendered":"HISENSE HS2100 soundbar 2.1, 240 W, DTS Virtual:X"},"content":{"rendered":"<h2 data-start=\"145\" data-end=\"208\">Hisense HS2100 soundbar 2.1 z brez\u017ei\u010dnim nizkotoncem \u2013 240 W<\/h2>\n<p data-start=\"210\" data-end=\"524\"><strong data-start=\"210\" data-end=\"241\">Hisense HS2100 soundbar 2.1<\/strong> je zmogljiv zvo\u010dni sistem, zasnovan za ob\u010dutno izbolj\u0161anje zvoka va\u0161ega televizorja in doma\u010de zabave. S sodobno 2.1-kanalno zasnovo, brez\u017ei\u010dnim nizkotoncem in naprednimi zvo\u010dnimi tehnologijami prina\u0161a \u010dist, uravnote\u017een in prostorski zvok za filme, serije, glasbo in \u0161portne prenose.<\/p>\n<h3 data-start=\"526\" data-end=\"558\">Zmogljiv in uravnote\u017een zvok<\/h3>\n<p data-start=\"559\" data-end=\"802\">Soundbar ponuja <strong data-start=\"575\" data-end=\"612\">najve\u010djo skupno izhodno mo\u010d 240 W<\/strong>, pri \u010demer <strong data-start=\"624\" data-end=\"662\">brez\u017ei\u010dni nizkotonec z mo\u010djo 120 W<\/strong> poskrbi za globoke, izrazite base brez popa\u010denja. Zvok ostaja jasen in uravnote\u017een v vseh frekven\u010dnih obmo\u010djih, tudi pri vi\u0161jih glasnostih.<\/p>\n<h3 data-start=\"804\" data-end=\"837\">Prostorska 3D zvo\u010dna izku\u0161nja<\/h3>\n<p data-start=\"838\" data-end=\"1065\">Zahvaljujo\u010d tehnologiji <strong data-start=\"862\" data-end=\"880\">DTS: Virtual X<\/strong> Hisense HS2100 ustvari poglobljeno 3D zvo\u010dno izku\u0161njo, ki napolni prostor in gledanje filmov ali \u0161portnih prenosov spremeni v pravo kinematografsko do\u017eivetje \u2013 brez dodatnih zvo\u010dnikov.<\/p>\n<h3 data-start=\"1067\" data-end=\"1105\">Optimiziran za Hisense televizorje<\/h3>\n<p data-start=\"1106\" data-end=\"1170\">Soundbar je posebej prilagojen za uporabo s televizorji Hisense:<\/p>\n<ul data-start=\"1171\" data-end=\"1407\">\n<li data-start=\"1171\" data-end=\"1256\">\n<p data-start=\"1173\" data-end=\"1256\"><strong data-start=\"1173\" data-end=\"1194\">TV Mate &amp; TV Mode<\/strong> omogo\u010data optimalno izrabo zvo\u010dnega dekodiranja televizorja<\/p>\n<\/li>\n<li data-start=\"1257\" data-end=\"1326\">\n<p data-start=\"1259\" data-end=\"1326\">Podpora <strong data-start=\"1267\" data-end=\"1282\">Dolby Audio<\/strong> izbolj\u0161a kakovost zvoka pri vseh vsebinah<\/p>\n<\/li>\n<li data-start=\"1327\" data-end=\"1407\">\n<p data-start=\"1329\" data-end=\"1407\"><strong data-start=\"1329\" data-end=\"1340\">Ez Play<\/strong> omogo\u010da upravljanje soundbara neposredno z daljincem televizorja<\/p>\n<\/li>\n<\/ul>\n<h3 data-start=\"1409\" data-end=\"1440\">Prilagodljivi zvo\u010dni na\u010dini<\/h3>\n<p data-start=\"1441\" data-end=\"1509\">Na voljo je <strong data-start=\"1453\" data-end=\"1490\">6 prilagojenih EQ zvo\u010dnih na\u010dinov<\/strong>, optimiziranih za:<\/p>\n<ul data-start=\"1510\" data-end=\"1590\">\n<li data-start=\"1510\" data-end=\"1519\">\n<p data-start=\"1512\" data-end=\"1519\">filme<\/p>\n<\/li>\n<li data-start=\"1520\" data-end=\"1530\">\n<p data-start=\"1522\" data-end=\"1530\">glasbo<\/p>\n<\/li>\n<li data-start=\"1531\" data-end=\"1539\">\n<p data-start=\"1533\" data-end=\"1539\">igre<\/p>\n<\/li>\n<li data-start=\"1540\" data-end=\"1549\">\n<p data-start=\"1542\" data-end=\"1549\">\u0161port<\/p>\n<\/li>\n<li data-start=\"1550\" data-end=\"1574\">\n<p data-start=\"1552\" data-end=\"1574\">vsakodnevno gledanje<\/p>\n<\/li>\n<li data-start=\"1575\" data-end=\"1590\">\n<p data-start=\"1577\" data-end=\"1590\">no\u010dni na\u010din<\/p>\n<\/li>\n<\/ul>\n<p data-start=\"1592\" data-end=\"1661\">Zvo\u010dne na\u010dine lahko enostavno prilagajate glede na vsebino in okolje.<\/p>\n<h3 data-start=\"1663\" data-end=\"1687\">Sodobna povezljivost<\/h3>\n<p data-start=\"1688\" data-end=\"1754\">Hisense HS2100 omogo\u010da \u0161iroko zdru\u017eljivost z razli\u010dnimi napravami:<\/p>\n<ul data-start=\"1755\" data-end=\"1936\">\n<li data-start=\"1755\" data-end=\"1819\">\n<p data-start=\"1757\" data-end=\"1819\"><strong data-start=\"1757\" data-end=\"1774\">Bluetooth 5.3<\/strong> za hitro in stabilno brez\u017ei\u010dno predvajanje<\/p>\n<\/li>\n<li data-start=\"1820\" data-end=\"1873\">\n<p data-start=\"1822\" data-end=\"1873\"><strong data-start=\"1822\" data-end=\"1834\">HDMI ARC<\/strong> za enostavno povezavo s televizorjem<\/p>\n<\/li>\n<li data-start=\"1874\" data-end=\"1936\">\n<p data-start=\"1876\" data-end=\"1936\"><strong data-start=\"1876\" data-end=\"1892\">Opti\u010dni vhod<\/strong>, <strong data-start=\"1894\" data-end=\"1901\">USB<\/strong> in <strong data-start=\"1905\" data-end=\"1912\">AUX<\/strong> za dodatne avdio vire<\/p>\n<\/li>\n<\/ul>\n<h3 data-start=\"1938\" data-end=\"1982\">Eleganten dizajn in enostavna namestitev<\/h3>\n<p data-start=\"1983\" data-end=\"2015\">Tanek in sodoben dizajn omogo\u010da:<\/p>\n<ul data-start=\"2016\" data-end=\"2072\">\n<li data-start=\"2016\" data-end=\"2048\">\n<p data-start=\"2018\" data-end=\"2048\">postavitev pod televizor ali<\/p>\n<\/li>\n<li data-start=\"2049\" data-end=\"2072\">\n<p data-start=\"2051\" data-end=\"2072\"><strong data-start=\"2051\" data-end=\"2070\">stensko monta\u017eo<\/strong><\/p>\n<\/li>\n<\/ul>\n<p data-start=\"2074\" data-end=\"2175\">Funkcija <strong data-start=\"2083\" data-end=\"2116\">samodejnega vklopa in izklopa<\/strong> zagotavlja udobno, varno in energijsko u\u010dinkovito uporabo.<\/p>\n<h3 data-start=\"2177\" data-end=\"2199\">Klju\u010dne lastnosti:<\/h3>\n<ul data-start=\"2200\" data-end=\"2451\">\n<li data-start=\"2200\" data-end=\"2235\">\n<p data-start=\"2202\" data-end=\"2235\"><strong data-start=\"2202\" data-end=\"2233\">2.1-kanalni soundbar sistem<\/strong><\/p>\n<\/li>\n<li data-start=\"2236\" data-end=\"2261\">\n<p data-start=\"2238\" data-end=\"2261\"><strong data-start=\"2238\" data-end=\"2259\">Skupna mo\u010d: 240 W<\/strong><\/p>\n<\/li>\n<li data-start=\"2262\" data-end=\"2298\">\n<p data-start=\"2264\" data-end=\"2298\"><strong data-start=\"2264\" data-end=\"2296\">Brez\u017ei\u010dni nizkotonec (120 W)<\/strong><\/p>\n<\/li>\n<li data-start=\"2299\" data-end=\"2335\">\n<p data-start=\"2301\" data-end=\"2335\"><strong data-start=\"2301\" data-end=\"2333\">DTS: Virtual X &amp; Dolby Audio<\/strong><\/p>\n<\/li>\n<li data-start=\"2336\" data-end=\"2371\">\n<p data-start=\"2338\" data-end=\"2371\"><strong data-start=\"2338\" data-end=\"2369\">TV Mate, TV Mode in Ez Play<\/strong><\/p>\n<\/li>\n<li data-start=\"2372\" data-end=\"2400\">\n<p data-start=\"2374\" data-end=\"2400\"><strong data-start=\"2374\" data-end=\"2398\">6 EQ zvo\u010dnih na\u010dinov<\/strong><\/p>\n<\/li>\n<li data-start=\"2401\" data-end=\"2451\">\n<p data-start=\"2403\" data-end=\"2451\"><strong data-start=\"2403\" data-end=\"2449\">Bluetooth 5.3, HDMI ARC, opti\u010dni, USB, AUX<\/strong><\/p>\n<\/li>\n<\/ul>\n<h3 data-start=\"2453\" data-end=\"2486\">Zakaj izbrati Hisense HS2100?<\/h3>\n<p data-start=\"2487\" data-end=\"2705\"><strong data-start=\"2487\" data-end=\"2518\">Hisense HS2100 soundbar 2.1<\/strong> je odli\u010dna izbira za uporabnike, ki \u017eelijo opazno bolj\u0161i zvok televizorja, mo\u010dan bas, prostorski u\u010dinek in enostavno uporabo \u2013 vse v elegantni in cenovno dostopni re\u0161itvi za sodoben dom.<\/p>\n","protected":false},"excerpt":{"rendered":"<p>Hisense soundbar HS2100 z brez\u017ei\u010dnim nizkotoncem, 240 W mo\u010di, DTS Virtual:X, Bluetooth 5.3 in HDMI ARC za vrhunski TV zvok.<\/p>\n","protected":false},"featured_media":20884,"comment_status":"open","ping_status":"closed","template":"","meta":{"_acf_changed":false},"product_brand":[2543],"product_cat":[2823],"product_tag":[],"class_list":{"0":"post-23178","1":"product","2":"type-product","3":"status-publish","4":"has-post-thumbnail","6":"product_brand-hisense","7":"product_cat-soundbar","8":"pa_bluetooth-da","9":"pa_dolby-audio-da","10":"pa_frekvenca-50-hz-60-hz","11":"pa_kanalni-sistem-2-1-kanalni-zvocniski-sistem","12":"pa_model-hs2100","13":"pa_moznost-pritrditve-na-steno-da","14":"pa_opticni-prikljucek-3870","15":"pa_poudarjen-bas-da","16":"pa_prikljucek-usb-da","17":"pa_skupna-izhodna-moc-240-w","18":"pa_stevilo-dc-vhodov-3869","19":"pa_stevilo-pc-avdio-vhodov-2850","20":"pa_vkljucena-oprema-stenski-nosilec-daljinski-upravljalnik-baterije-2xaaa-hdmi-kabel","21":"pa_znamka-hisense","23":"first","24":"instock","25":"taxable","26":"shipping-taxable","27":"purchasable","28":"product-type-simple"},"acf":[],"_links":{"self":[{"href":"https:\/\/renovatus.si\/sl\/wp-json\/wp\/v2\/product\/23178","targetHints":{"allow":["GET"]}}],"collection":[{"href":"https:\/\/renovatus.si\/sl\/wp-json\/wp\/v2\/product"}],"about":[{"href":"https:\/\/renovatus.si\/sl\/wp-json\/wp\/v2\/types\/product"}],"replies":[{"embeddable":true,"href":"https:\/\/renovatus.si\/sl\/wp-json\/wp\/v2\/comments?post=23178"}],"wp:featuredmedia":[{"embeddable":true,"href":"https:\/\/renovatus.si\/sl\/wp-json\/wp\/v2\/media\/20884"}],"wp:attachment":[{"href":"https:\/\/renovatus.si\/sl\/wp-json\/wp\/v2\/media?parent=23178"}],"wp:term":[{"taxonomy":"product_brand","embeddable":true,"href":"https:\/\/renovatus.si\/sl\/wp-json\/wp\/v2\/product_brand?post=23178"},{"taxonomy":"product_cat","embeddable":true,"href":"https:\/\/renovatus.si\/sl\/wp-json\/wp\/v2\/product_cat?post=23178"},{"taxonomy":"product_tag","embeddable":true,"href":"https:\/\/renovatus.si\/sl\/wp-json\/wp\/v2\/product_tag?post=23178"}],"curies":[{"name":"wp","href":"https:\/\/api.w.org\/{rel}","templated":true}]}}