{"id":23594,"date":"2026-02-09T13:46:59","date_gmt":"2026-02-09T12:46:59","guid":{"rendered":"https:\/\/renovatus.si\/izdelek\/mova-v50-ultra-120120\/"},"modified":"2026-04-07T13:06:13","modified_gmt":"2026-04-07T12:06:13","slug":"mova-robotski-sesalnik-v50-ultra-complete-bel","status":"publish","type":"product","link":"https:\/\/renovatus.si\/sl\/izdelek\/mova-robotski-sesalnik-v50-ultra-complete-bel\/","title":{"rendered":"MOVA V50 Ultra Complete bel robotski sesalnik"},"content":{"rendered":"<p data-start=\"203\" data-end=\"487\">MOVA V50 Ultra Complete je vrhunski <strong data-start=\"239\" data-end=\"265\">MOVA robotski sesalnik<\/strong>, zasnovan za popolnoma samodejno sesanje in mokro \u010di\u0161\u010denje z minimalnim posegom uporabnika. Napredne funkcije in inovativna tehnologija zagotavljajo brezskrbno \u010di\u0161\u010denje za vsak dom, tudi za domove s hi\u0161nimi ljubljen\u010dki.<\/p>\n<p data-start=\"489\" data-end=\"524\"><strong data-start=\"489\" data-end=\"522\">Glavne prednosti in funkcije:<\/strong><\/p>\n<ul data-start=\"525\" data-end=\"1361\">\n<li data-start=\"525\" data-end=\"660\">\n<p data-start=\"527\" data-end=\"660\"><strong data-start=\"527\" data-end=\"551\">Sistem DuoSolution\u2122:<\/strong> Omogo\u010da uporabo dveh \u010distilnih raztopin za trdovratne made\u017ee in nevtralizacijo vonjav hi\u0161nih ljubljen\u010dkov.<\/p>\n<\/li>\n<li data-start=\"661\" data-end=\"818\">\n<p data-start=\"663\" data-end=\"818\"><strong data-start=\"663\" data-end=\"696\">Termi\u010dno mopanje z raztopino:<\/strong> Kombinacija toplote, \u010distilne raztopine in mehanskega drgnjenja izbolj\u0161uje odstranjevanje mastnih in zasu\u0161enih made\u017eev.<\/p>\n<\/li>\n<li data-start=\"819\" data-end=\"939\">\n<p data-start=\"821\" data-end=\"939\"><strong data-start=\"821\" data-end=\"853\">Mo\u010dna sesalna mo\u010d 24.000 Pa:<\/strong> U\u010dinkovito pobere prah, drobtine in dlake tudi iz preprog in te\u017eko dostopnih robov.<\/p>\n<\/li>\n<li data-start=\"940\" data-end=\"1064\">\n<p data-start=\"942\" data-end=\"1064\"><strong data-start=\"942\" data-end=\"968\">Navigacija FlexiRise\u2122:<\/strong> Z zlo\u017eljivim DToF senzorjem omogo\u010da natan\u010dno mapiranje prostora in la\u017eji dostop pod pohi\u0161tvo.<\/p>\n<\/li>\n<li data-start=\"1065\" data-end=\"1139\">\n<p data-start=\"1067\" data-end=\"1139\"><strong data-start=\"1067\" data-end=\"1090\">Sistem StepMaster\u2122:<\/strong> Olaj\u0161a premagovanje pragov in ovir v prostoru.<\/p>\n<\/li>\n<li data-start=\"1140\" data-end=\"1226\">\n<p data-start=\"1142\" data-end=\"1226\"><strong data-start=\"1142\" data-end=\"1180\">Trojni mehanizem proti zapletanju:<\/strong> Zmanj\u0161uje navijanje las in dlak na krta\u010dah.<\/p>\n<\/li>\n<li data-start=\"1227\" data-end=\"1361\">\n<p data-start=\"1229\" data-end=\"1361\"><strong data-start=\"1229\" data-end=\"1264\">JetSpray Dryboard\u2122 in OmniDry\u2122:<\/strong> Poskrbita za higiensko \u010di\u0161\u010denje in su\u0161enje mopa ter posode, kar prepre\u010duje neprijetne vonjave.<\/p>\n<\/li>\n<\/ul>\n<p data-start=\"1363\" data-end=\"1654\">MOVA V50 Ultra Complete je posebej primeren za domove s hi\u0161nimi ljubljen\u010dki, saj pametno pobira dlake in se izogiba pogostim oviram. Z velikimi kapacitetami baterije, vre\u010dkami za prah in rezervoarji za vodo ter nadgrajenimi funkcijami \u010di\u0161\u010denja zagotavlja popolno, brezskrbno \u010di\u0161\u010denje doma.<\/p>\n","protected":false},"excerpt":{"rendered":"<p>MOVA V50 Ultra je napreden robotski sesalnik z All-in-One postajo, sesa, mokro \u010disti in samodejno su\u0161i mopa za popolno higieno doma.<\/p>\n","protected":false},"featured_media":23595,"comment_status":"open","ping_status":"closed","template":"","meta":{"_acf_changed":false},"product_brand":[4120],"product_cat":[2655,2651],"product_tag":[],"class_list":{"0":"post-23594","1":"product","2":"type-product","3":"status-publish","4":"has-post-thumbnail","6":"product_brand-mova","7":"product_cat-robotski_sesalci","8":"product_cat-sesalci","9":"pa_dodatki-obseg-dobave-robotski-sesalnik-1x-all-in-one-polnilna-in-cistilna-postaja-1x-podaljsek-rampe-za-postajo-1x-uporabniski-prirocnik-1x-dvojni-modul-za-s","10":"pa_kapaciteta-vrecke-za-prah-32-l","11":"pa_moc-24-000-pa","12":"pa_model-v50-ultra","13":"pa_namen-uporabe-za-suho-in-mokro-ciscenje","14":"pa_prostornina-kosa-300-ml","15":"pa_znamka-mova","17":"first","18":"outofstock","19":"sale","20":"taxable","21":"shipping-taxable","22":"purchasable","23":"product-type-simple"},"acf":[],"_links":{"self":[{"href":"https:\/\/renovatus.si\/sl\/wp-json\/wp\/v2\/product\/23594","targetHints":{"allow":["GET"]}}],"collection":[{"href":"https:\/\/renovatus.si\/sl\/wp-json\/wp\/v2\/product"}],"about":[{"href":"https:\/\/renovatus.si\/sl\/wp-json\/wp\/v2\/types\/product"}],"replies":[{"embeddable":true,"href":"https:\/\/renovatus.si\/sl\/wp-json\/wp\/v2\/comments?post=23594"}],"wp:featuredmedia":[{"embeddable":true,"href":"https:\/\/renovatus.si\/sl\/wp-json\/wp\/v2\/media\/23595"}],"wp:attachment":[{"href":"https:\/\/renovatus.si\/sl\/wp-json\/wp\/v2\/media?parent=23594"}],"wp:term":[{"taxonomy":"product_brand","embeddable":true,"href":"https:\/\/renovatus.si\/sl\/wp-json\/wp\/v2\/product_brand?post=23594"},{"taxonomy":"product_cat","embeddable":true,"href":"https:\/\/renovatus.si\/sl\/wp-json\/wp\/v2\/product_cat?post=23594"},{"taxonomy":"product_tag","embeddable":true,"href":"https:\/\/renovatus.si\/sl\/wp-json\/wp\/v2\/product_tag?post=23594"}],"curies":[{"name":"wp","href":"https:\/\/api.w.org\/{rel}","templated":true}]}}