{"id":23700,"date":"2026-02-25T20:06:20","date_gmt":"2026-02-25T19:06:20","guid":{"rendered":"https:\/\/renovatus.si\/izdelek\/hp-victus-15-i5-nb15hp00104\/"},"modified":"2026-03-17T17:21:29","modified_gmt":"2026-03-17T16:21:29","slug":"hp-victus-15-i5-16gb-512gb-ssd-rtx-4050-gamin","status":"publish","type":"product","link":"https:\/\/renovatus.si\/sl\/izdelek\/hp-victus-15-i5-16gb-512gb-ssd-rtx-4050-gamin\/","title":{"rendered":"HP Victus 15 i5 16GB 512GB SSD RTX 4050 gaming prenosnik"},"content":{"rendered":"<p data-start=\"607\" data-end=\"899\"><strong data-start=\"607\" data-end=\"650\">HP Victus 15 i5 16GB 512GB SSD RTX 4050<\/strong> je odli\u010dna izbira za vse, ki i\u0161\u010dejo zmogljiv, sodoben in cenovno dostopen gaming prenosnik. Opremljen je z zmogljivim procesorjem Intel Core i5, 16 GB delovnega pomnilnika ter hitrim 512 GB SSD diskom, ki zagotavlja hitro nalaganje sistema in iger.<\/p>\n<p data-start=\"901\" data-end=\"1181\">Za vrhunsko grafi\u010dno izku\u0161njo poskrbi grafi\u010dna kartica NVIDIA GeForce RTX 4050, ki omogo\u010da gladko igranje sodobnih iger pri visokih nastavitvah. 15,6-pal\u010dni FHD IPS zaslon s frekvenco osve\u017eevanja 144 Hz zagotavlja teko\u010do sliko brez zatikanja, kar je idealno za tekmovalno igranje.<\/p>\n<p data-start=\"1183\" data-end=\"1367\">Gaming prenosnik HP Victus 15 navdu\u0161uje tudi z moderno temno sivo zasnovo, u\u010dinkovitim hlajenjem ter predname\u0161\u010denim operacijskim sistemom Windows 11 Home, ki omogo\u010da takoj\u0161njo uporabo.<\/p>\n<p data-start=\"1369\" data-end=\"1384\">Primeren je za:<\/p>\n<ul data-start=\"1385\" data-end=\"1493\">\n<li data-start=\"1385\" data-end=\"1412\">\n<p data-start=\"1387\" data-end=\"1412\">igranje najnovej\u0161ih iger,<\/p>\n<\/li>\n<li data-start=\"1413\" data-end=\"1442\">\n<p data-start=\"1415\" data-end=\"1442\">delo z grafi\u010dnimi programi,<\/p>\n<\/li>\n<li data-start=\"1443\" data-end=\"1470\">\n<p data-start=\"1445\" data-end=\"1470\">\u0161tudij in ve\u010dopravilnost,<\/p>\n<\/li>\n<li data-start=\"1471\" data-end=\"1493\">\n<p data-start=\"1473\" data-end=\"1493\">vsakodnevno uporabo.<\/p>\n<\/li>\n<\/ul>\n<p data-start=\"1495\" data-end=\"1648\" data-is-last-node=\"\" data-is-only-node=\"\">\u010ce i\u0161\u010dete zanesljiv in zmogljiv gaming prenosnik z odli\u010dno grafiko ter hitrim delovanjem, je HP Victus 15 i5 16GB 512GB SSD RTX 4050 prava izbira za vas.<\/p>\n","protected":false},"excerpt":{"rendered":"<p>HP Victus 15 RTX 4050 144Hz \u2013 Gaming prenosnik z RTX 4050, 144Hz zaslonom, 16GB RAM in 512GB SSD za gladko igranje.<\/p>\n","protected":false},"featured_media":23701,"comment_status":"open","ping_status":"closed","template":"","meta":{"_acf_changed":false},"product_brand":[253],"product_cat":[2245],"product_tag":[],"class_list":{"0":"post-23700","1":"product","2":"type-product","3":"status-publish","4":"has-post-thumbnail","6":"product_brand-hp","7":"product_cat-prenosni-racunalniki-2","8":"pa_generacija-procesorja-intel-i5-13420h-2-1ghz","9":"pa_graficna-kartica-nvidia-geforce-rtx-4050","10":"pa_model-victus-15-i5","11":"pa_os-windows-11-home","12":"pa_podpora-windows11-da","13":"pa_ram-16gb","14":"pa_resolucija-1920-x-1080","15":"pa_spletna-kamera-da","16":"pa_tip-diska-ssd","17":"pa_velikost-diska-512gb","18":"pa_znamka-hp","20":"first","21":"outofstock","22":"sale","23":"taxable","24":"shipping-taxable","25":"purchasable","26":"product-type-simple"},"acf":[],"_links":{"self":[{"href":"https:\/\/renovatus.si\/sl\/wp-json\/wp\/v2\/product\/23700","targetHints":{"allow":["GET"]}}],"collection":[{"href":"https:\/\/renovatus.si\/sl\/wp-json\/wp\/v2\/product"}],"about":[{"href":"https:\/\/renovatus.si\/sl\/wp-json\/wp\/v2\/types\/product"}],"replies":[{"embeddable":true,"href":"https:\/\/renovatus.si\/sl\/wp-json\/wp\/v2\/comments?post=23700"}],"wp:featuredmedia":[{"embeddable":true,"href":"https:\/\/renovatus.si\/sl\/wp-json\/wp\/v2\/media\/23701"}],"wp:attachment":[{"href":"https:\/\/renovatus.si\/sl\/wp-json\/wp\/v2\/media?parent=23700"}],"wp:term":[{"taxonomy":"product_brand","embeddable":true,"href":"https:\/\/renovatus.si\/sl\/wp-json\/wp\/v2\/product_brand?post=23700"},{"taxonomy":"product_cat","embeddable":true,"href":"https:\/\/renovatus.si\/sl\/wp-json\/wp\/v2\/product_cat?post=23700"},{"taxonomy":"product_tag","embeddable":true,"href":"https:\/\/renovatus.si\/sl\/wp-json\/wp\/v2\/product_tag?post=23700"}],"curies":[{"name":"wp","href":"https:\/\/api.w.org\/{rel}","templated":true}]}}