{"id":24418,"date":"2026-04-16T13:10:15","date_gmt":"2026-04-16T12:10:15","guid":{"rendered":"https:\/\/renovatus.si\/izdelek\/qysa660001\/"},"modified":"2026-04-16T14:07:56","modified_gmt":"2026-04-16T13:07:56","slug":"led-pasji-povodec-3m-zlozljiv","status":"publish","type":"product","link":"https:\/\/renovatus.si\/sl\/izdelek\/led-pasji-povodec-3m-zlozljiv\/","title":{"rendered":"LED pasji povodec 3m z lu\u010dko za varne sprehode"},"content":{"rendered":"<div class=\"flex flex-col text-sm pb-25\">\n<section class=\"text-token-text-primary w-full focus:outline-none [--shadow-height:45px] has-data-writing-block:pointer-events-none has-data-writing-block:-mt-(--shadow-height) has-data-writing-block:pt-(--shadow-height) [&amp;:has([data-writing-block])&gt;*]:pointer-events-auto scroll-mt-[calc(var(--header-height)+min(200px,max(70px,20svh)))]\" dir=\"auto\" data-turn-id=\"request-WEB:f81a59c2-55d5-4483-b568-b6dc2af701da-3\" data-testid=\"conversation-turn-8\" data-scroll-anchor=\"true\" data-turn=\"assistant\">\n<div class=\"text-base my-auto mx-auto pb-10 [--thread-content-margin:var(--thread-content-margin-xs,calc(var(--spacing)*4))] @w-sm\/main:[--thread-content-margin:var(--thread-content-margin-sm,calc(var(--spacing)*6))] @w-lg\/main:[--thread-content-margin:var(--thread-content-margin-lg,calc(var(--spacing)*16))] px-(--thread-content-margin)\">\n<div class=\"[--thread-content-max-width:40rem] @w-lg\/main:[--thread-content-max-width:48rem] mx-auto max-w-(--thread-content-max-width) flex-1 group\/turn-messages focus-visible:outline-hidden relative flex w-full min-w-0 flex-col agent-turn\">\n<div class=\"flex max-w-full flex-col gap-4 grow\">\n<div class=\"min-h-8 text-message relative flex w-full flex-col items-end gap-2 text-start break-words whitespace-normal outline-none keyboard-focused:focus-ring [.text-message+&amp;]:mt-1\" dir=\"auto\" tabindex=\"0\" data-message-author-role=\"assistant\" data-message-id=\"8ccb567a-069a-44a7-92b3-d48f24a3e8c2\" data-message-model-slug=\"gpt-5-3\" data-turn-start-message=\"true\">\n<div class=\"flex w-full flex-col gap-1 empty:hidden\">\n<div class=\"markdown prose dark:prose-invert w-full wrap-break-word dark markdown-new-styling\">\n<p data-start=\"440\" data-end=\"647\"><strong data-start=\"440\" data-end=\"461\">LED pasji povodec<\/strong> dol\u017eine 3 metre je popolna re\u0161itev za varne in udobne sprehode tudi v temi. Z vgrajeno LED osvetlitvijo poskrbi za bolj\u0161o vidljivost in ve\u010djo varnost vas ter va\u0161ega hi\u0161nega ljubljen\u010dka.<\/p>\n<p data-start=\"649\" data-end=\"930\">Izdelan je iz trpe\u017ene kombinacije ABS plastike in najlona, kar zagotavlja dolgo \u017eivljenjsko dobo ter odpornost na obrabo pri vsakodnevni uporabi. Zlo\u017eljivi mehanizem omogo\u010da enostavno prilagajanje dol\u017eine vrvi, kar vam daje popoln nadzor, hkrati pa psu omogo\u010da ve\u010d svobode gibanja.<\/p>\n<h3 data-section-id=\"1qep0ge\" data-start=\"932\" data-end=\"958\"><span role=\"text\"><strong data-start=\"936\" data-end=\"958\">Klju\u010dne prednosti:<\/strong><\/span><\/h3>\n<ul data-start=\"959\" data-end=\"1223\">\n<li data-section-id=\"bjkrez\" data-start=\"959\" data-end=\"1008\">dol\u017eina 3 m \u2013 idealna za vsakodnevne sprehode<\/li>\n<li data-section-id=\"1v9f5ca\" data-start=\"1009\" data-end=\"1057\">vgrajena LED osvetlitev za bolj\u0161o vidljivost<\/li>\n<li data-section-id=\"1wv33fs\" data-start=\"1058\" data-end=\"1104\">zlo\u017eljiv mehanizem za prilagajanje dol\u017eine<\/li>\n<li data-section-id=\"1cdy0yw\" data-start=\"1105\" data-end=\"1153\">ergonomsko oblikovan ro\u010daj za udoben oprijem<\/li>\n<li data-section-id=\"297n02\" data-start=\"1154\" data-end=\"1190\">trpe\u017eni materiali (ABS + najlon)<\/li>\n<li data-section-id=\"3rptgy\" data-start=\"1191\" data-end=\"1223\">delovanje na 2x AAA bateriji<\/li>\n<\/ul>\n<p data-start=\"1225\" data-end=\"1402\"><strong data-start=\"1225\" data-end=\"1246\">LED pasji povodec<\/strong> je primeren za razli\u010dne velikosti psov, od mladi\u010dkov do ve\u010djih pasem. Je odli\u010dna izbira za ve\u010derne ali no\u010dne sprehode, kjer je varnost \u0161e posebej pomembna.<\/p>\n<p data-start=\"1404\" data-end=\"1494\" data-is-last-node=\"\" data-is-only-node=\"\">Popolna kombinacija funkcionalnosti, varnosti in sodobnega dizajna za brezskrbne sprehode.<\/p>\n<\/div>\n<\/div>\n<\/div>\n<\/div>\n<div class=\"z-0 flex min-h-[46px] justify-start\"><\/div>\n<div class=\"mt-3 w-full empty:hidden\">\n<div class=\"text-center\"><\/div>\n<\/div>\n<\/div>\n<\/div>\n<\/section>\n<\/div>\n<div class=\"pointer-events-none h-px w-px absolute bottom-0\" aria-hidden=\"true\" data-edge=\"true\"><\/div>\n","protected":false},"excerpt":{"rendered":"<p>LED zlo\u017eljiv pasji povodec 3m z lu\u010dko za varne no\u010dne sprehode, trpe\u017een najlon in ABS, enostaven za uporabo, primeren za pse vseh velikosti.<\/p>\n","protected":false},"featured_media":24430,"comment_status":"open","ping_status":"closed","template":"","meta":{"_acf_changed":false},"product_brand":[],"product_cat":[4300],"product_tag":[],"class_list":{"0":"post-24418","1":"product","2":"type-product","3":"status-publish","4":"has-post-thumbnail","6":"product_cat-zivali","7":"pa_barva-bela-vijolicna","8":"pa_dolzina-3m","9":"pa_material-abs","11":"first","12":"instock","13":"taxable","14":"shipping-taxable","15":"purchasable","16":"product-type-simple"},"acf":[],"_links":{"self":[{"href":"https:\/\/renovatus.si\/sl\/wp-json\/wp\/v2\/product\/24418","targetHints":{"allow":["GET"]}}],"collection":[{"href":"https:\/\/renovatus.si\/sl\/wp-json\/wp\/v2\/product"}],"about":[{"href":"https:\/\/renovatus.si\/sl\/wp-json\/wp\/v2\/types\/product"}],"replies":[{"embeddable":true,"href":"https:\/\/renovatus.si\/sl\/wp-json\/wp\/v2\/comments?post=24418"}],"wp:featuredmedia":[{"embeddable":true,"href":"https:\/\/renovatus.si\/sl\/wp-json\/wp\/v2\/media\/24430"}],"wp:attachment":[{"href":"https:\/\/renovatus.si\/sl\/wp-json\/wp\/v2\/media?parent=24418"}],"wp:term":[{"taxonomy":"product_brand","embeddable":true,"href":"https:\/\/renovatus.si\/sl\/wp-json\/wp\/v2\/product_brand?post=24418"},{"taxonomy":"product_cat","embeddable":true,"href":"https:\/\/renovatus.si\/sl\/wp-json\/wp\/v2\/product_cat?post=24418"},{"taxonomy":"product_tag","embeddable":true,"href":"https:\/\/renovatus.si\/sl\/wp-json\/wp\/v2\/product_tag?post=24418"}],"curies":[{"name":"wp","href":"https:\/\/api.w.org\/{rel}","templated":true}]}}