{"id":24654,"date":"2026-04-24T08:15:31","date_gmt":"2026-04-24T07:15:31","guid":{"rendered":"https:\/\/renovatus.si\/izdelek\/d-618\/"},"modified":"2026-04-24T08:37:28","modified_gmt":"2026-04-24T07:37:28","slug":"krtaca-za-dlako-hisnih-ljubljenckov-za-pse-in","status":"publish","type":"product","link":"https:\/\/renovatus.si\/sl\/izdelek\/krtaca-za-dlako-hisnih-ljubljenckov-za-pse-in\/","title":{"rendered":"Glavnik za pse in ma\u010dke \u2013 profesionalna krta\u010da za odstranjevanje dlake"},"content":{"rendered":"<section class=\"text-token-text-primary w-full focus:outline-none [--shadow-height:45px] has-data-writing-block:pointer-events-none has-data-writing-block:-mt-(--shadow-height) has-data-writing-block:pt-(--shadow-height) [&amp;:has([data-writing-block])&gt;*]:pointer-events-auto [content-visibility:auto] supports-[content-visibility:auto]:[contain-intrinsic-size:auto_100lvh] R6Vx5W_threadScrollVars scroll-mb-[calc(var(--scroll-root-safe-area-inset-bottom,0px)+var(--thread-response-height))] scroll-mt-[calc(var(--header-height)+min(200px,max(70px,20svh)))]\" dir=\"auto\" data-turn-id=\"request-WEB:d107da94-4638-4d98-a880-6ef7d1825e83-3\" data-testid=\"conversation-turn-8\" data-scroll-anchor=\"false\" data-turn=\"assistant\">\n<div class=\"text-base my-auto mx-auto pb-10 [--thread-content-margin:var(--thread-content-margin-xs,calc(var(--spacing)*4))] @w-sm\/main:[--thread-content-margin:var(--thread-content-margin-sm,calc(var(--spacing)*6))] @w-lg\/main:[--thread-content-margin:var(--thread-content-margin-lg,calc(var(--spacing)*16))] px-(--thread-content-margin)\">\n<div class=\"[--thread-content-max-width:40rem] @w-lg\/main:[--thread-content-max-width:48rem] mx-auto max-w-(--thread-content-max-width) flex-1 group\/turn-messages focus-visible:outline-hidden relative flex w-full min-w-0 flex-col agent-turn\">\n<div class=\"flex max-w-full flex-col gap-4 grow\">\n<div class=\"min-h-8 text-message relative flex w-full flex-col items-end gap-2 text-start break-words whitespace-normal outline-none keyboard-focused:focus-ring [.text-message+&amp;]:mt-1\" dir=\"auto\" tabindex=\"0\" data-message-author-role=\"assistant\" data-message-id=\"8f89ad03-b300-4cc6-89fb-6c04b2ab2543\" data-message-model-slug=\"gpt-5-3\" data-turn-start-message=\"true\">\n<div class=\"flex w-full flex-col gap-1 empty:hidden\">\n<div class=\"markdown prose dark:prose-invert w-full wrap-break-word dark markdown-new-styling\">\n<h3 data-section-id=\"4ze3ek\" data-start=\"583\" data-end=\"642\">Krta\u010da za dlako hi\u0161nih ljubljen\u010dkov za vsakodnevno nego<\/h3>\n<p data-start=\"644\" data-end=\"865\">Krta\u010da za dlako hi\u0161nih ljubljen\u010dkov je nepogre\u0161ljiv pripomo\u010dek za nego psov in ma\u010dk vseh velikosti. Zasnovana je za u\u010dinkovito odstranjevanje odmrle in odpadle dlake ter ohranjanje zdravega, sijo\u010dega in negovanega ko\u017euha.<\/p>\n<hr data-start=\"867\" data-end=\"870\" \/>\n<h3 data-section-id=\"1onnjqt\" data-start=\"872\" data-end=\"903\"><span role=\"text\">\u2728 <strong data-start=\"878\" data-end=\"903\">U\u010dinkovita nega dlake<\/strong><\/span><\/h3>\n<ul data-start=\"905\" data-end=\"1058\">\n<li data-section-id=\"9n7ohe\" data-start=\"905\" data-end=\"947\">\u2714\ufe0f Odstranjuje odmrlo in odpadlo dlako<\/li>\n<li data-section-id=\"18z3uiz\" data-start=\"948\" data-end=\"983\">\u2714\ufe0f Pomaga prepre\u010devati vozlanje<\/li>\n<li data-section-id=\"um7fy9\" data-start=\"984\" data-end=\"1025\">\u2714\ufe0f Izbolj\u0161uje videz in zdravje ko\u017euha<\/li>\n<li data-section-id=\"wvkxob\" data-start=\"1026\" data-end=\"1058\">\u2714\ufe0f Zmanj\u0161uje izpadanje dlake<\/li>\n<\/ul>\n<hr data-start=\"1060\" data-end=\"1063\" \/>\n<h3 data-section-id=\"lomnnn\" data-start=\"1065\" data-end=\"1096\"><span role=\"text\">\ud83d\udee0\ufe0f <strong data-start=\"1073\" data-end=\"1096\">Kakovostna izdelava<\/strong><\/span><\/h3>\n<ul data-start=\"1098\" data-end=\"1222\">\n<li data-section-id=\"18ff6y9\" data-start=\"1098\" data-end=\"1155\">Izdelana iz <strong data-start=\"1112\" data-end=\"1133\">nerjave\u010dega jekla<\/strong> in trpe\u017ene plastike<\/li>\n<li data-section-id=\"y38bi6\" data-start=\"1156\" data-end=\"1182\">Dolga \u017eivljenjska doba<\/li>\n<li data-section-id=\"sok38s\" data-start=\"1183\" data-end=\"1222\">Enostavna za uporabo in vzdr\u017eevanje<\/li>\n<\/ul>\n<hr data-start=\"1224\" data-end=\"1227\" \/>\n<h3 data-section-id=\"172x7oo\" data-start=\"1229\" data-end=\"1275\"><span role=\"text\">\ud83d\udc96 <strong data-start=\"1236\" data-end=\"1275\">Udobje za vas in va\u0161ega ljubljen\u010dka<\/strong><\/span><\/h3>\n<ul data-start=\"1277\" data-end=\"1404\">\n<li data-section-id=\"mxd7gy\" data-start=\"1277\" data-end=\"1324\">Ergonomski ro\u010daj za varen in udoben oprijem<\/li>\n<li data-section-id=\"oaw4zm\" data-start=\"1325\" data-end=\"1363\">Ne\u017ena zasnova \u0161\u010detin ne dra\u017ei ko\u017ee<\/li>\n<li data-section-id=\"1sdas9k\" data-start=\"1364\" data-end=\"1404\">Krta\u010denje je prijetno in brez napora<\/li>\n<\/ul>\n<hr data-start=\"1406\" data-end=\"1409\" \/>\n<h3 data-section-id=\"nggfob\" data-start=\"1411\" data-end=\"1451\"><span role=\"text\">\ud83d\udc36\ud83d\udc31 <strong data-start=\"1420\" data-end=\"1451\">Primerna za vse ljubljen\u010dke<\/strong><\/span><\/h3>\n<p data-start=\"1453\" data-end=\"1504\">Krta\u010da za dlako hi\u0161nih ljubljen\u010dkov je primerna za:<\/p>\n<ul data-start=\"1505\" data-end=\"1577\">\n<li data-section-id=\"16jre9a\" data-start=\"1505\" data-end=\"1512\">pse<\/li>\n<li data-section-id=\"djs0o7\" data-start=\"1513\" data-end=\"1522\">ma\u010dke<\/li>\n<li data-section-id=\"16m1jdj\" data-start=\"1523\" data-end=\"1553\">vse velikosti ljubljen\u010dkov<\/li>\n<li data-section-id=\"11ytwvh\" data-start=\"1554\" data-end=\"1577\">razli\u010dne tipe dlake<\/li>\n<\/ul>\n<hr data-start=\"1579\" data-end=\"1582\" \/>\n<h3 data-section-id=\"1sahrw8\" data-start=\"1584\" data-end=\"1612\"><span role=\"text\">\ud83c\udf1f <strong data-start=\"1591\" data-end=\"1612\">Dodatne prednosti<\/strong><\/span><\/h3>\n<ul data-start=\"1614\" data-end=\"1758\">\n<li data-section-id=\"11ngybh\" data-start=\"1614\" data-end=\"1651\">Deluje kot <strong data-start=\"1627\" data-end=\"1649\">masa\u017eni pripomo\u010dek<\/strong><\/li>\n<li data-section-id=\"xxbloy\" data-start=\"1652\" data-end=\"1682\">Spodbuja prekrvavitev ko\u017ee<\/li>\n<li data-section-id=\"1oz3wuu\" data-start=\"1683\" data-end=\"1720\">Pomaga pri sprostitvi ljubljen\u010dka<\/li>\n<li data-section-id=\"jkmwlh\" data-start=\"1721\" data-end=\"1758\">Izbolj\u0161uje splo\u0161no higieno \u017eivali<\/li>\n<\/ul>\n<hr data-start=\"1760\" data-end=\"1763\" \/>\n<h3 data-section-id=\"1srl09i\" data-start=\"1765\" data-end=\"1795\"><span role=\"text\">\ud83c\udfa8 <strong data-start=\"1772\" data-end=\"1795\">Dodatne informacije<\/strong><\/span><\/h3>\n<ul data-start=\"1797\" data-end=\"1947\">\n<li data-section-id=\"30f29q\" data-start=\"1797\" data-end=\"1836\">Na voljo v <strong data-start=\"1810\" data-end=\"1834\">rde\u010di ali beli barvi<\/strong><\/li>\n<li data-section-id=\"xg1ty9\" data-start=\"1837\" data-end=\"1885\">Primerna za doma\u010do ali profesionalno uporabo<\/li>\n<li data-section-id=\"15sfqr6\" data-start=\"1886\" data-end=\"1947\">Paket vsebuje: <strong data-start=\"1903\" data-end=\"1945\">1x krta\u010da za dlako hi\u0161nih ljubljen\u010dkov<\/strong><\/li>\n<\/ul>\n<hr data-start=\"1949\" data-end=\"1952\" \/>\n<p data-start=\"1954\" data-end=\"2105\" data-is-last-node=\"\" data-is-only-node=\"\">Krta\u010da za dlako hi\u0161nih ljubljen\u010dkov je odli\u010dna izbira za vse lastnike, ki \u017eelijo svojim ljubljen\u010dkom zagotoviti kakovostno, enostavno in prijetno nego.<\/p>\n<\/div>\n<\/div>\n<\/div>\n<\/div>\n<div class=\"z-0 flex min-h-[46px] justify-start\"><\/div>\n<div class=\"mt-3 w-full empty:hidden\">\n<div class=\"text-center\"><\/div>\n<\/div>\n<\/div>\n<\/div>\n<\/section>\n<div class=\"pointer-events-none -mt-px h-px translate-y-[calc(var(--scroll-root-safe-area-inset-bottom)-14*var(--spacing))]\" aria-hidden=\"true\"><\/div>\n","protected":false},"excerpt":{"rendered":"<p>Krta\u010da za dlako hi\u0161nih ljubljen\u010dkov u\u010dinkovito odstrani odmrlo dlako, masira ko\u017eo in poskrbi za zdrav, sijo\u010d ko\u017euh psov in ma\u010dk vseh velikosti.<\/p>\n","protected":false},"featured_media":24655,"comment_status":"open","ping_status":"closed","template":"","meta":{"_acf_changed":false},"product_brand":[],"product_cat":[4300],"product_tag":[],"class_list":{"0":"post-24654","1":"product","2":"type-product","3":"status-publish","4":"has-post-thumbnail","6":"product_cat-zivali","7":"pa_barva-rdece-bela","9":"first","10":"instock","11":"taxable","12":"shipping-taxable","13":"purchasable","14":"product-type-simple"},"acf":[],"_links":{"self":[{"href":"https:\/\/renovatus.si\/sl\/wp-json\/wp\/v2\/product\/24654","targetHints":{"allow":["GET"]}}],"collection":[{"href":"https:\/\/renovatus.si\/sl\/wp-json\/wp\/v2\/product"}],"about":[{"href":"https:\/\/renovatus.si\/sl\/wp-json\/wp\/v2\/types\/product"}],"replies":[{"embeddable":true,"href":"https:\/\/renovatus.si\/sl\/wp-json\/wp\/v2\/comments?post=24654"}],"wp:featuredmedia":[{"embeddable":true,"href":"https:\/\/renovatus.si\/sl\/wp-json\/wp\/v2\/media\/24655"}],"wp:attachment":[{"href":"https:\/\/renovatus.si\/sl\/wp-json\/wp\/v2\/media?parent=24654"}],"wp:term":[{"taxonomy":"product_brand","embeddable":true,"href":"https:\/\/renovatus.si\/sl\/wp-json\/wp\/v2\/product_brand?post=24654"},{"taxonomy":"product_cat","embeddable":true,"href":"https:\/\/renovatus.si\/sl\/wp-json\/wp\/v2\/product_cat?post=24654"},{"taxonomy":"product_tag","embeddable":true,"href":"https:\/\/renovatus.si\/sl\/wp-json\/wp\/v2\/product_tag?post=24654"}],"curies":[{"name":"wp","href":"https:\/\/api.w.org\/{rel}","templated":true}]}}