{"id":24660,"date":"2026-04-24T08:15:31","date_gmt":"2026-04-24T07:15:31","guid":{"rendered":"https:\/\/renovatus.si\/izdelek\/d-201-pink\/"},"modified":"2026-04-24T08:35:59","modified_gmt":"2026-04-24T07:35:59","slug":"krtaca-za-dlako-hisnih-ljubljenckov-gumb","status":"publish","type":"product","link":"https:\/\/renovatus.si\/sl\/izdelek\/krtaca-za-dlako-hisnih-ljubljenckov-gumb\/","title":{"rendered":"Krta\u010da za hi\u0161ne ljubljen\u010dke \u2013 samo\u010distilni glavnik za pse in ma\u010dke"},"content":{"rendered":"<section class=\"text-token-text-primary w-full focus:outline-none [--shadow-height:45px] has-data-writing-block:pointer-events-none has-data-writing-block:-mt-(--shadow-height) has-data-writing-block:pt-(--shadow-height) [&amp;:has([data-writing-block])&gt;*]:pointer-events-auto [content-visibility:auto] supports-[content-visibility:auto]:[contain-intrinsic-size:auto_100lvh] R6Vx5W_threadScrollVars scroll-mb-[calc(var(--scroll-root-safe-area-inset-bottom,0px)+var(--thread-response-height))] scroll-mt-[calc(var(--header-height)+min(200px,max(70px,20svh)))]\" dir=\"auto\" data-turn-id=\"request-WEB:d107da94-4638-4d98-a880-6ef7d1825e83-2\" data-testid=\"conversation-turn-6\" data-scroll-anchor=\"false\" data-turn=\"assistant\">\n<div class=\"text-base my-auto mx-auto pb-10 [--thread-content-margin:var(--thread-content-margin-xs,calc(var(--spacing)*4))] @w-sm\/main:[--thread-content-margin:var(--thread-content-margin-sm,calc(var(--spacing)*6))] @w-lg\/main:[--thread-content-margin:var(--thread-content-margin-lg,calc(var(--spacing)*16))] px-(--thread-content-margin)\">\n<div class=\"[--thread-content-max-width:40rem] @w-lg\/main:[--thread-content-max-width:48rem] mx-auto max-w-(--thread-content-max-width) flex-1 group\/turn-messages focus-visible:outline-hidden relative flex w-full min-w-0 flex-col agent-turn\">\n<div class=\"flex max-w-full flex-col gap-4 grow\">\n<div class=\"min-h-8 text-message relative flex w-full flex-col items-end gap-2 text-start break-words whitespace-normal outline-none keyboard-focused:focus-ring [.text-message+&amp;]:mt-1\" dir=\"auto\" tabindex=\"0\" data-message-author-role=\"assistant\" data-message-id=\"80b121e3-869b-44d8-86e8-8b5e98365c74\" data-message-model-slug=\"gpt-5-3\" data-turn-start-message=\"true\">\n<div class=\"flex w-full flex-col gap-1 empty:hidden\">\n<div class=\"markdown prose dark:prose-invert w-full wrap-break-word dark markdown-new-styling\">\n<h3 data-section-id=\"1hil0kp\" data-start=\"599\" data-end=\"670\">Krta\u010da za dlako hi\u0161nih ljubljen\u010dkov za enostavno in u\u010dinkovito nego<\/h3>\n<p data-start=\"672\" data-end=\"916\">Krta\u010da za dlako hi\u0161nih ljubljen\u010dkov je prakti\u010den pripomo\u010dek za vsakodnevno nego psov in ma\u010dk vseh velikosti. Zasnovana je za ne\u017eno, a u\u010dinkovito odstranjevanje odmrle dlake, vozlov in umazanije, hkrati pa poskrbi za zdrav in sijo\u010d videz ko\u017euha.<\/p>\n<hr data-start=\"918\" data-end=\"921\" \/>\n<h3 data-section-id=\"1xxr926\" data-start=\"923\" data-end=\"964\"><span role=\"text\">\u2728 <strong data-start=\"929\" data-end=\"964\">U\u010dinkovito odstranjevanje dlake<\/strong><\/span><\/h3>\n<ul data-start=\"966\" data-end=\"1165\">\n<li data-section-id=\"142oaao\" data-start=\"966\" data-end=\"1023\">\u2714\ufe0f Fine, rahlo ukrivljene iglice iz nerjave\u010dega jekla<\/li>\n<li data-section-id=\"igrlm4\" data-start=\"1024\" data-end=\"1076\">\u2714\ufe0f Ne\u017eno prodrejo skozi dlako brez dra\u017eenja ko\u017ee<\/li>\n<li data-section-id=\"1lt0p2k\" data-start=\"1077\" data-end=\"1130\">\u2714\ufe0f Odstranjujejo odmrlo dlako, vozle in umazanijo<\/li>\n<li data-section-id=\"1yg67su\" data-start=\"1131\" data-end=\"1165\">\u2714\ufe0f Zmanj\u0161ujejo izpadanje dlake<\/li>\n<\/ul>\n<hr data-start=\"1167\" data-end=\"1170\" \/>\n<h3 data-section-id=\"6r7jzc\" data-start=\"1172\" data-end=\"1215\"><span role=\"text\">\ud83d\udd18 <strong data-start=\"1179\" data-end=\"1215\">Enostavno \u010di\u0161\u010denje z enim klikom<\/strong><\/span><\/h3>\n<ul data-start=\"1217\" data-end=\"1348\">\n<li data-section-id=\"le0sbw\" data-start=\"1217\" data-end=\"1284\">Poseben <strong data-start=\"1227\" data-end=\"1247\">gumb za \u010di\u0161\u010denje<\/strong> omogo\u010da hitro odstranjevanje dlake<\/li>\n<li data-section-id=\"1h5oxag\" data-start=\"1285\" data-end=\"1312\">Prihranek \u010dasa pri negi<\/li>\n<li data-section-id=\"p0jb8h\" data-start=\"1313\" data-end=\"1348\">Enostavna in higieni\u010dna uporaba<\/li>\n<\/ul>\n<hr data-start=\"1350\" data-end=\"1353\" \/>\n<h3 data-section-id=\"uz4t3d\" data-start=\"1355\" data-end=\"1389\"><span role=\"text\">\ud83d\udc96 <strong data-start=\"1362\" data-end=\"1389\">Udobna in varna uporaba<\/strong><\/span><\/h3>\n<ul data-start=\"1391\" data-end=\"1503\">\n<li data-section-id=\"1nn2o02\" data-start=\"1391\" data-end=\"1421\">Ergonomsko oblikovan ro\u010daj<\/li>\n<li data-section-id=\"kp9an0\" data-start=\"1422\" data-end=\"1458\">Nedrse\u010d oprijem za bolj\u0161i nadzor<\/li>\n<li data-section-id=\"1wqf4rn\" data-start=\"1459\" data-end=\"1503\">Primerna za dalj\u0161e krta\u010denje brez napora<\/li>\n<\/ul>\n<hr data-start=\"1505\" data-end=\"1508\" \/>\n<h3 data-section-id=\"nggfob\" data-start=\"1510\" data-end=\"1550\"><span role=\"text\">\ud83d\udc36\ud83d\udc31 <strong data-start=\"1519\" data-end=\"1550\">Primerna za vse ljubljen\u010dke<\/strong><\/span><\/h3>\n<p data-start=\"1552\" data-end=\"1602\">Krta\u010da za dlako hi\u0161nih ljubljen\u010dkov je idealna za:<\/p>\n<ul data-start=\"1603\" data-end=\"1670\">\n<li data-section-id=\"16jre9a\" data-start=\"1603\" data-end=\"1610\">pse<\/li>\n<li data-section-id=\"djs0o7\" data-start=\"1611\" data-end=\"1620\">ma\u010dke<\/li>\n<li data-section-id=\"1oxy92f\" data-start=\"1621\" data-end=\"1639\">vse tipe dlake<\/li>\n<li data-section-id=\"16m1jdj\" data-start=\"1640\" data-end=\"1670\">vse velikosti ljubljen\u010dkov<\/li>\n<\/ul>\n<hr data-start=\"1672\" data-end=\"1675\" \/>\n<h3 data-section-id=\"1sahrw8\" data-start=\"1677\" data-end=\"1705\"><span role=\"text\">\ud83c\udf1f <strong data-start=\"1684\" data-end=\"1705\">Dodatne prednosti<\/strong><\/span><\/h3>\n<ul data-start=\"1707\" data-end=\"1878\">\n<li data-section-id=\"13e8sd2\" data-start=\"1707\" data-end=\"1763\">Deluje kot <strong data-start=\"1720\" data-end=\"1736\">ne\u017ena masa\u017ea<\/strong> in spodbuja prekrvavitev<\/li>\n<li data-section-id=\"1n55s2m\" data-start=\"1764\" data-end=\"1803\">Pomaga sprostiti va\u0161ega ljubljen\u010dka<\/li>\n<li data-section-id=\"axmxbr\" data-start=\"1804\" data-end=\"1833\">Prepre\u010duje vozlanje dlake<\/li>\n<li data-section-id=\"t26jxp\" data-start=\"1834\" data-end=\"1878\">Prispeva k zdravemu in negovanemu ko\u017euhu<\/li>\n<\/ul>\n<hr data-start=\"1880\" data-end=\"1883\" \/>\n<h3 data-section-id=\"19h4lrs\" data-start=\"1885\" data-end=\"1924\"><span role=\"text\">\ud83d\udccf <strong data-start=\"1892\" data-end=\"1924\">Prakti\u010dna in trpe\u017ena zasnova<\/strong><\/span><\/h3>\n<ul data-start=\"1926\" data-end=\"2087\">\n<li data-section-id=\"tuyaiz\" data-start=\"1926\" data-end=\"1961\">Velikost: pribli\u017eno <strong data-start=\"1948\" data-end=\"1959\">19,5 cm<\/strong><\/li>\n<li data-section-id=\"1s8cxol\" data-start=\"1962\" data-end=\"2006\">Material: <strong data-start=\"1974\" data-end=\"2004\">plastika + nerjave\u010de jeklo<\/strong><\/li>\n<li data-section-id=\"1h9371d\" data-start=\"2007\" data-end=\"2038\">Moderna in privla\u010dna oblika<\/li>\n<li data-section-id=\"xg1ty9\" data-start=\"2039\" data-end=\"2087\">Primerna za doma\u010do ali profesionalno uporabo<\/li>\n<\/ul>\n<hr data-start=\"2089\" data-end=\"2092\" \/>\n<p data-start=\"2094\" data-end=\"2221\" data-is-last-node=\"\" data-is-only-node=\"\">Krta\u010da za dlako hi\u0161nih ljubljen\u010dkov je popolna izbira za vse, ki \u017eelijo hitro, u\u010dinkovito in prijetno nego svojega ljubljen\u010dka.<\/p>\n<\/div>\n<\/div>\n<\/div>\n<\/div>\n<div class=\"z-0 flex min-h-[46px] justify-start\"><\/div>\n<div class=\"mt-3 w-full empty:hidden\">\n<div class=\"text-center\"><\/div>\n<\/div>\n<\/div>\n<\/div>\n<\/section>\n<div class=\"pointer-events-none -mt-px h-px translate-y-[calc(var(--scroll-root-safe-area-inset-bottom)-14*var(--spacing))]\" aria-hidden=\"true\"><\/div>\n","protected":false},"excerpt":{"rendered":"<p>Krta\u010da za pse in ma\u010dke z gumbom za \u010di\u0161\u010denje odstrani odmrlo dlako, masira ko\u017eo in poskrbi za sijo\u010d ko\u017euh brez napora.<\/p>\n","protected":false},"featured_media":24675,"comment_status":"open","ping_status":"closed","template":"","meta":{"_acf_changed":false},"product_brand":[],"product_cat":[4300],"product_tag":[],"class_list":{"0":"post-24660","1":"product","2":"type-product","3":"status-publish","4":"has-post-thumbnail","6":"product_cat-zivali","7":"pa_barva-roza","9":"first","10":"instock","11":"taxable","12":"shipping-taxable","13":"purchasable","14":"product-type-simple"},"acf":[],"_links":{"self":[{"href":"https:\/\/renovatus.si\/sl\/wp-json\/wp\/v2\/product\/24660","targetHints":{"allow":["GET"]}}],"collection":[{"href":"https:\/\/renovatus.si\/sl\/wp-json\/wp\/v2\/product"}],"about":[{"href":"https:\/\/renovatus.si\/sl\/wp-json\/wp\/v2\/types\/product"}],"replies":[{"embeddable":true,"href":"https:\/\/renovatus.si\/sl\/wp-json\/wp\/v2\/comments?post=24660"}],"wp:featuredmedia":[{"embeddable":true,"href":"https:\/\/renovatus.si\/sl\/wp-json\/wp\/v2\/media\/24675"}],"wp:attachment":[{"href":"https:\/\/renovatus.si\/sl\/wp-json\/wp\/v2\/media?parent=24660"}],"wp:term":[{"taxonomy":"product_brand","embeddable":true,"href":"https:\/\/renovatus.si\/sl\/wp-json\/wp\/v2\/product_brand?post=24660"},{"taxonomy":"product_cat","embeddable":true,"href":"https:\/\/renovatus.si\/sl\/wp-json\/wp\/v2\/product_cat?post=24660"},{"taxonomy":"product_tag","embeddable":true,"href":"https:\/\/renovatus.si\/sl\/wp-json\/wp\/v2\/product_tag?post=24660"}],"curies":[{"name":"wp","href":"https:\/\/api.w.org\/{rel}","templated":true}]}}