{"id":24693,"date":"2026-04-24T10:18:06","date_gmt":"2026-04-24T09:18:06","guid":{"rendered":"https:\/\/renovatus.si\/izdelek\/igr404\/"},"modified":"2026-04-24T10:40:29","modified_gmt":"2026-04-24T09:40:29","slug":"igraca-miska-za-macke-na-navijanje-brez-bater","status":"publish","type":"product","link":"https:\/\/renovatus.si\/sl\/izdelek\/igraca-miska-za-macke-na-navijanje-brez-bater\/","title":{"rendered":"Pli\u0161asta mi\u0161ka igra\u010da za ma\u010dke za lov in igro"},"content":{"rendered":"<h3 data-section-id=\"wqljpt\" data-start=\"553\" data-end=\"607\">Igra\u010da mi\u0161ka za ma\u010dke na navijanje za aktivno igro<\/h3>\n<p data-start=\"609\" data-end=\"823\">Igra\u010da mi\u0161ka za ma\u010dke na navijanje je odli\u010dna izbira za vse ma\u010dke, ki obo\u017eujejo lovljenje, gibanje in igro. S svojo realisti\u010dno obliko in kosmatim videzom hitro pritegne pozornost ter spodbuja naravni lovski nagon.<\/p>\n<hr data-start=\"825\" data-end=\"828\" \/>\n<h3 data-section-id=\"1aksw2e\" data-start=\"830\" data-end=\"871\"><span role=\"text\">\ud83c\udfaf <strong data-start=\"837\" data-end=\"871\">Spodbuja naravno vedenje ma\u010dke<\/strong><\/span><\/h3>\n<ul data-start=\"873\" data-end=\"1033\">\n<li data-section-id=\"1qmz29f\" data-start=\"873\" data-end=\"915\">\u2714\ufe0f Spodbuja tek, skakanje in lovljenje<\/li>\n<li data-section-id=\"z5tyno\" data-start=\"916\" data-end=\"952\">\u2714\ufe0f Posnema gibanje pravega plena<\/li>\n<li data-section-id=\"q01yzy\" data-start=\"953\" data-end=\"992\">\u2714\ufe0f Zmanj\u0161uje dolg\u010das in neaktivnost<\/li>\n<li data-section-id=\"vogasr\" data-start=\"993\" data-end=\"1033\">\u2714\ufe0f Pomaga spro\u0161\u010dati odve\u010dno energijo<\/li>\n<\/ul>\n<hr data-start=\"1035\" data-end=\"1038\" \/>\n<h3 data-section-id=\"6eiua0\" data-start=\"1040\" data-end=\"1073\"><span role=\"text\">\u2699\ufe0f <strong data-start=\"1047\" data-end=\"1073\">Delovanje brez baterij<\/strong><\/span><\/h3>\n<ul data-start=\"1075\" data-end=\"1227\">\n<li data-section-id=\"79cz3d\" data-start=\"1075\" data-end=\"1105\">Mehanizem na <strong data-start=\"1090\" data-end=\"1103\">navijanje<\/strong><\/li>\n<li data-section-id=\"1ob7j8z\" data-start=\"1106\" data-end=\"1156\">Enostavna uporaba \u2013 samo zategnete in spustite<\/li>\n<li data-section-id=\"schxok\" data-start=\"1157\" data-end=\"1197\">Deluje na trdih in gladkih povr\u0161inah<\/li>\n<li data-section-id=\"eix4x5\" data-start=\"1198\" data-end=\"1227\">Brez potrebe po baterijah<\/li>\n<\/ul>\n<hr data-start=\"1229\" data-end=\"1232\" \/>\n<h3 data-section-id=\"scibe6\" data-start=\"1234\" data-end=\"1274\"><span role=\"text\">\ud83d\udee0\ufe0f <strong data-start=\"1242\" data-end=\"1274\">Varna in kakovostna izdelava<\/strong><\/span><\/h3>\n<ul data-start=\"1276\" data-end=\"1403\">\n<li data-section-id=\"1jnx8i3\" data-start=\"1276\" data-end=\"1313\">Kombinacija <strong data-start=\"1290\" data-end=\"1311\">pli\u0161a in plastike<\/strong><\/li>\n<li data-section-id=\"1e0i9l4\" data-start=\"1314\" data-end=\"1344\">Mehka in prijetna na dotik<\/li>\n<li data-section-id=\"bteiz6\" data-start=\"1345\" data-end=\"1368\">Brez nevarnih delov<\/li>\n<li data-section-id=\"c4yk92\" data-start=\"1369\" data-end=\"1403\">Trpe\u017ena za dolgotrajno uporabo<\/li>\n<\/ul>\n<hr data-start=\"1405\" data-end=\"1408\" \/>\n<h3 data-section-id=\"11b6udc\" data-start=\"1410\" data-end=\"1442\"><span role=\"text\">\ud83d\udc31 <strong data-start=\"1417\" data-end=\"1442\">Primerna za vse ma\u010dke<\/strong><\/span><\/h3>\n<p data-start=\"1444\" data-end=\"1493\">Igra\u010da mi\u0161ka za ma\u010dke na navijanje je idealna za:<\/p>\n<ul data-start=\"1494\" data-end=\"1590\">\n<li data-section-id=\"87mx8m\" data-start=\"1494\" data-end=\"1523\">notranje in zunanje ma\u010dke<\/li>\n<li data-section-id=\"15byy3n\" data-start=\"1524\" data-end=\"1550\">mlade in odrasle ma\u010dke<\/li>\n<li data-section-id=\"1jqexx4\" data-start=\"1551\" data-end=\"1590\">aktivne in manj aktivne ljubljen\u010dke<\/li>\n<\/ul>\n<hr data-start=\"1592\" data-end=\"1595\" \/>\n<h3 data-section-id=\"5rwmio\" data-start=\"1597\" data-end=\"1628\"><span role=\"text\">\ud83d\udc96 <strong data-start=\"1604\" data-end=\"1628\">Prednosti redne igre<\/strong><\/span><\/h3>\n<ul data-start=\"1630\" data-end=\"1774\">\n<li data-section-id=\"1xyjfux\" data-start=\"1630\" data-end=\"1662\">Izbolj\u0161uje telesno kondicijo<\/li>\n<li data-section-id=\"its6j\" data-start=\"1663\" data-end=\"1693\">Zmanj\u0161uje stres in tesnobo<\/li>\n<li data-section-id=\"1hwxet2\" data-start=\"1694\" data-end=\"1727\">Spodbuja mentalno stimulacijo<\/li>\n<li data-section-id=\"130bt7d\" data-start=\"1728\" data-end=\"1774\">Prispeva k zdravemu in aktivnemu \u017eivljenju<\/li>\n<\/ul>\n<hr data-start=\"1776\" data-end=\"1779\" \/>\n<h3 data-section-id=\"5olck6\" data-start=\"1781\" data-end=\"1810\"><span role=\"text\">\ud83d\udccf <strong data-start=\"1788\" data-end=\"1810\">Prakti\u010dna velikost<\/strong><\/span><\/h3>\n<ul data-start=\"1812\" data-end=\"1924\">\n<li data-section-id=\"e5flmn\" data-start=\"1812\" data-end=\"1858\">Dimenzije: pribli\u017eno <strong data-start=\"1835\" data-end=\"1856\">13,5 x 3,5 x 6 cm<\/strong><\/li>\n<li data-section-id=\"zmwidw\" data-start=\"1859\" data-end=\"1892\">Lahka in enostavna za uporabo<\/li>\n<li data-section-id=\"1vo8kfm\" data-start=\"1893\" data-end=\"1924\">Idealna za vsakodnevno igro<\/li>\n<\/ul>\n<hr data-start=\"1926\" data-end=\"1929\" \/>\n<p data-start=\"1931\" data-end=\"2099\" data-is-last-node=\"\" data-is-only-node=\"\">Igra\u010da mi\u0161ka za ma\u010dke na navijanje je popolna izbira za vse lastnike, ki \u017eelijo svoji ma\u010dki zagotoviti zabavno, varno in aktivno pre\u017eivljanje \u010dasa brez uporabe baterij.<\/p>\n","protected":false},"excerpt":{"rendered":"<p>Igra\u010da mi\u0161ka na navijanje za ma\u010dke iz pli\u0161a spodbuja gibanje, lov in igro brez baterij ter zmanj\u0161uje stres in dolg\u010das.<\/p>\n","protected":false},"featured_media":24694,"comment_status":"open","ping_status":"closed","template":"","meta":{"_acf_changed":false},"product_brand":[],"product_cat":[4300],"product_tag":[],"class_list":{"0":"post-24693","1":"product","2":"type-product","3":"status-publish","4":"has-post-thumbnail","6":"product_cat-zivali","8":"first","9":"instock","10":"taxable","11":"shipping-taxable","12":"purchasable","13":"product-type-simple"},"acf":[],"_links":{"self":[{"href":"https:\/\/renovatus.si\/sl\/wp-json\/wp\/v2\/product\/24693","targetHints":{"allow":["GET"]}}],"collection":[{"href":"https:\/\/renovatus.si\/sl\/wp-json\/wp\/v2\/product"}],"about":[{"href":"https:\/\/renovatus.si\/sl\/wp-json\/wp\/v2\/types\/product"}],"replies":[{"embeddable":true,"href":"https:\/\/renovatus.si\/sl\/wp-json\/wp\/v2\/comments?post=24693"}],"wp:featuredmedia":[{"embeddable":true,"href":"https:\/\/renovatus.si\/sl\/wp-json\/wp\/v2\/media\/24694"}],"wp:attachment":[{"href":"https:\/\/renovatus.si\/sl\/wp-json\/wp\/v2\/media?parent=24693"}],"wp:term":[{"taxonomy":"product_brand","embeddable":true,"href":"https:\/\/renovatus.si\/sl\/wp-json\/wp\/v2\/product_brand?post=24693"},{"taxonomy":"product_cat","embeddable":true,"href":"https:\/\/renovatus.si\/sl\/wp-json\/wp\/v2\/product_cat?post=24693"},{"taxonomy":"product_tag","embeddable":true,"href":"https:\/\/renovatus.si\/sl\/wp-json\/wp\/v2\/product_tag?post=24693"}],"curies":[{"name":"wp","href":"https:\/\/api.w.org\/{rel}","templated":true}]}}