{"id":24699,"date":"2026-04-24T10:18:06","date_gmt":"2026-04-24T09:18:06","guid":{"rendered":"https:\/\/renovatus.si\/izdelek\/prs203\/"},"modified":"2026-04-24T10:44:55","modified_gmt":"2026-04-24T09:44:55","slug":"masazna-krtaca-za-macke-za-kot-z-macjo-meto-2","status":"publish","type":"product","link":"https:\/\/renovatus.si\/sl\/izdelek\/masazna-krtaca-za-macke-za-kot-z-macjo-meto-2\/","title":{"rendered":"Masa\u017eer za ma\u010dke krta\u010da za nego in dlako"},"content":{"rendered":"<h3 data-section-id=\"1iixahi\" data-start=\"539\" data-end=\"585\">Masa\u017ena krta\u010da za ma\u010dke za samostojno nego<\/h3>\n<p data-start=\"587\" data-end=\"778\">Masa\u017ena krta\u010da za ma\u010dke je inovativna re\u0161itev za nego, masa\u017eo in odstranjevanje odve\u010dne dlake. Namenjena je enostavni namestitvi v kot, kjer ma\u010dki omogo\u010da samostojno uporabo brez va\u0161e pomo\u010di.<\/p>\n<hr data-start=\"780\" data-end=\"783\" \/>\n<h3 data-section-id=\"1xdrqqs\" data-start=\"785\" data-end=\"829\"><span role=\"text\">\u2728 <strong data-start=\"791\" data-end=\"829\">Popolna kombinacija nege in zabave<\/strong><\/span><\/h3>\n<ul data-start=\"831\" data-end=\"969\">\n<li data-section-id=\"17am9p7\" data-start=\"831\" data-end=\"873\">\u2714\ufe0f Odstranjuje odmrlo in odve\u010dno dlako<\/li>\n<li data-section-id=\"10w8kvv\" data-start=\"874\" data-end=\"901\">\u2714\ufe0f Nudi prijetno masa\u017eo<\/li>\n<li data-section-id=\"17albux\" data-start=\"902\" data-end=\"935\">\u2714\ufe0f Spodbuja prekrvavitev ko\u017ee<\/li>\n<li data-section-id=\"1ra9ryp\" data-start=\"936\" data-end=\"969\">\u2714\ufe0f Zmanj\u0161uje stres pri ma\u010dkah<\/li>\n<\/ul>\n<hr data-start=\"971\" data-end=\"974\" \/>\n<h3 data-section-id=\"xac1lf\" data-start=\"976\" data-end=\"1011\"><span role=\"text\">\ud83c\udf3f <strong data-start=\"983\" data-end=\"1011\">Privla\u010dnost z ma\u010djo meto<\/strong><\/span><\/h3>\n<ul data-start=\"1013\" data-end=\"1127\">\n<li data-section-id=\"vani1p\" data-start=\"1013\" data-end=\"1057\">Vgrajena <strong data-start=\"1024\" data-end=\"1038\">ma\u010dja meta<\/strong> spodbuja uporabo<\/li>\n<li data-section-id=\"14gkr9f\" data-start=\"1058\" data-end=\"1097\">Pove\u010duje zanimanje in redno uporabo<\/li>\n<li data-section-id=\"1tm1wx\" data-start=\"1098\" data-end=\"1127\">Idealna za notranje ma\u010dke<\/li>\n<\/ul>\n<hr data-start=\"1129\" data-end=\"1132\" \/>\n<h3 data-section-id=\"19rf0z3\" data-start=\"1134\" data-end=\"1171\"><span role=\"text\">\ud83d\udd27 <strong data-start=\"1141\" data-end=\"1171\">Enostavna namestitev v kot<\/strong><\/span><\/h3>\n<ul data-start=\"1173\" data-end=\"1281\">\n<li data-section-id=\"1jjs030\" data-start=\"1173\" data-end=\"1213\">Fiksna monta\u017ea na steno ali pohi\u0161tvo<\/li>\n<li data-section-id=\"1frepcv\" data-start=\"1214\" data-end=\"1247\">Primerna za razli\u010dne povr\u0161ine<\/li>\n<li data-section-id=\"ir76z6\" data-start=\"1248\" data-end=\"1281\">Ma\u010dki omogo\u010da samostojno nego<\/li>\n<\/ul>\n<hr data-start=\"1283\" data-end=\"1286\" \/>\n<h3 data-section-id=\"eeouv9\" data-start=\"1288\" data-end=\"1331\"><span role=\"text\">\ud83d\udee0\ufe0f <strong data-start=\"1296\" data-end=\"1331\">Kakovostna in prakti\u010dna zasnova<\/strong><\/span><\/h3>\n<ul data-start=\"1333\" data-end=\"1487\">\n<li data-section-id=\"1fosxhd\" data-start=\"1333\" data-end=\"1375\">Izdelana iz trpe\u017enega <strong data-start=\"1357\" data-end=\"1373\">PP materiala<\/strong><\/li>\n<li data-section-id=\"9me5ll\" data-start=\"1376\" data-end=\"1417\">Velikost: pribli\u017eno <strong data-start=\"1398\" data-end=\"1415\">12,5 x 8,5 cm<\/strong><\/li>\n<li data-section-id=\"1y2dao7\" data-start=\"1418\" data-end=\"1460\">Snemljiva krta\u010da za enostavno \u010di\u0161\u010denje<\/li>\n<li data-section-id=\"y38bi6\" data-start=\"1461\" data-end=\"1487\">Dolga \u017eivljenjska doba<\/li>\n<\/ul>\n<hr data-start=\"1489\" data-end=\"1492\" \/>\n<h3 data-section-id=\"11b6udc\" data-start=\"1494\" data-end=\"1526\"><span role=\"text\">\ud83d\udc31 <strong data-start=\"1501\" data-end=\"1526\">Primerna za vse ma\u010dke<\/strong><\/span><\/h3>\n<p data-start=\"1528\" data-end=\"1566\">Masa\u017ena krta\u010da za ma\u010dke je idealna za:<\/p>\n<ul data-start=\"1567\" data-end=\"1644\">\n<li data-section-id=\"1nhxfz4\" data-start=\"1567\" data-end=\"1585\">notranje ma\u010dke<\/li>\n<li data-section-id=\"knu8z7\" data-start=\"1586\" data-end=\"1610\">ma\u010dke vseh velikosti<\/li>\n<li data-section-id=\"15tmy0s\" data-start=\"1611\" data-end=\"1644\">ma\u010dke z razli\u010dnimi tipi dlake<\/li>\n<\/ul>\n<hr data-start=\"1646\" data-end=\"1649\" \/>\n<h3 data-section-id=\"m02ngv\" data-start=\"1651\" data-end=\"1685\"><span role=\"text\">\ud83c\udf1f <strong data-start=\"1658\" data-end=\"1685\">Prednosti redne uporabe<\/strong><\/span><\/h3>\n<ul data-start=\"1687\" data-end=\"1839\">\n<li data-section-id=\"1qzx8w5\" data-start=\"1687\" data-end=\"1728\">Zmanj\u0161uje odpadanje dlake po prostoru<\/li>\n<li data-section-id=\"16zmqec\" data-start=\"1729\" data-end=\"1759\">Izbolj\u0161uje higieno in nego<\/li>\n<li data-section-id=\"17eqs4\" data-start=\"1760\" data-end=\"1799\">Spodbuja aktivnost in dobro po\u010dutje<\/li>\n<li data-section-id=\"1sv94ql\" data-start=\"1800\" data-end=\"1839\">Omogo\u010da samostojno nego brez napora<\/li>\n<\/ul>\n<hr data-start=\"1841\" data-end=\"1844\" \/>\n<p data-start=\"1846\" data-end=\"1985\" data-is-last-node=\"\" data-is-only-node=\"\">Masa\u017ena krta\u010da za ma\u010dke je odli\u010dna izbira za vse lastnike, ki \u017eelijo svoji ma\u010dki zagotoviti udobno, u\u010dinkovito in samostojno nego vsak dan.<\/p>\n","protected":false},"excerpt":{"rendered":"<p>Masa\u017ena krta\u010da za ma\u010dke za monta\u017eo v kot odstranjuje dlako, nudi prijetno masa\u017eo in z ma\u010djo meto spodbuja igro in nego.<\/p>\n","protected":false},"featured_media":24725,"comment_status":"open","ping_status":"closed","template":"","meta":{"_acf_changed":false},"product_brand":[],"product_cat":[4300],"product_tag":[],"class_list":{"0":"post-24699","1":"product","2":"type-product","3":"status-publish","4":"has-post-thumbnail","6":"product_cat-zivali","7":"pa_barva-modra","9":"first","10":"instock","11":"taxable","12":"shipping-taxable","13":"purchasable","14":"product-type-simple"},"acf":[],"_links":{"self":[{"href":"https:\/\/renovatus.si\/sl\/wp-json\/wp\/v2\/product\/24699","targetHints":{"allow":["GET"]}}],"collection":[{"href":"https:\/\/renovatus.si\/sl\/wp-json\/wp\/v2\/product"}],"about":[{"href":"https:\/\/renovatus.si\/sl\/wp-json\/wp\/v2\/types\/product"}],"replies":[{"embeddable":true,"href":"https:\/\/renovatus.si\/sl\/wp-json\/wp\/v2\/comments?post=24699"}],"wp:featuredmedia":[{"embeddable":true,"href":"https:\/\/renovatus.si\/sl\/wp-json\/wp\/v2\/media\/24725"}],"wp:attachment":[{"href":"https:\/\/renovatus.si\/sl\/wp-json\/wp\/v2\/media?parent=24699"}],"wp:term":[{"taxonomy":"product_brand","embeddable":true,"href":"https:\/\/renovatus.si\/sl\/wp-json\/wp\/v2\/product_brand?post=24699"},{"taxonomy":"product_cat","embeddable":true,"href":"https:\/\/renovatus.si\/sl\/wp-json\/wp\/v2\/product_cat?post=24699"},{"taxonomy":"product_tag","embeddable":true,"href":"https:\/\/renovatus.si\/sl\/wp-json\/wp\/v2\/product_tag?post=24699"}],"curies":[{"name":"wp","href":"https:\/\/api.w.org\/{rel}","templated":true}]}}