{"id":24709,"date":"2026-04-24T10:18:15","date_gmt":"2026-04-24T09:18:15","guid":{"rendered":"https:\/\/renovatus.si\/izdelek\/sq-roza-m\/"},"modified":"2026-04-24T10:39:53","modified_gmt":"2026-04-24T09:39:53","slug":"nastavljiv-oprsnik-za-pse-in-macke-z-vrvjo-4","status":"publish","type":"product","link":"https:\/\/renovatus.si\/sl\/izdelek\/nastavljiv-oprsnik-za-pse-in-macke-z-vrvjo-4\/","title":{"rendered":"Oprsnik za ma\u010dke in pse z povodcem \u2013 lahek in udoben"},"content":{"rendered":"<h3 data-section-id=\"mlgkg\" data-start=\"548\" data-end=\"604\">Nastavljiv oprsnik za pse in ma\u010dke za varne sprehode<\/h3>\n<p data-start=\"606\" data-end=\"850\">Nastavljiv oprsnik za pse in ma\u010dke je popolna izbira za vse, ki \u017eelijo svojemu ljubljen\u010dku zagotoviti varnost, udobje in svobodo gibanja med vsakodnevnimi sprehodi. Zasnovan je tako, da zmanj\u0161uje pritisk na vrat in omogo\u010da bolj naravno gibanje.<\/p>\n<hr data-start=\"852\" data-end=\"855\" \/>\n<h3 data-section-id=\"1p3g5w0\" data-start=\"857\" data-end=\"899\"><span role=\"text\">\u2728 <strong data-start=\"863\" data-end=\"899\">Udobje in varnost na prvem mestu<\/strong><\/span><\/h3>\n<ul data-start=\"901\" data-end=\"1044\">\n<li data-section-id=\"1nl8wa2\" data-start=\"901\" data-end=\"933\">\u2714\ufe0f Zmanj\u0161uje pritisk na vrat<\/li>\n<li data-section-id=\"1j648t9\" data-start=\"934\" data-end=\"964\">\u2714\ufe0f Omogo\u010da naravno gibanje<\/li>\n<li data-section-id=\"1etjjbf\" data-start=\"965\" data-end=\"1005\">\u2714\ufe0f Mehak material brez dra\u017eenja ko\u017ee<\/li>\n<li data-section-id=\"18ul87y\" data-start=\"1006\" data-end=\"1044\">\u2714\ufe0f Primeren za vsakodnevno uporabo<\/li>\n<\/ul>\n<hr data-start=\"1046\" data-end=\"1049\" \/>\n<h3 data-section-id=\"lpcxvl\" data-start=\"1051\" data-end=\"1083\"><span role=\"text\">\ud83d\udee0\ufe0f <strong data-start=\"1059\" data-end=\"1083\">Kakovostni materiali<\/strong><\/span><\/h3>\n<ul data-start=\"1085\" data-end=\"1224\">\n<li data-section-id=\"1yy2to5\" data-start=\"1085\" data-end=\"1119\">Izdelan iz <strong data-start=\"1098\" data-end=\"1117\">100 % poliestra<\/strong><\/li>\n<li data-section-id=\"131po09\" data-start=\"1120\" data-end=\"1151\">Zra\u010den in prijeten na dotik<\/li>\n<li data-section-id=\"111vpz3\" data-start=\"1152\" data-end=\"1193\">Brez trdih robov ali neudobnih zaponk<\/li>\n<li data-section-id=\"1i9bubw\" data-start=\"1194\" data-end=\"1224\">Lahek in udoben za no\u0161enje<\/li>\n<\/ul>\n<hr data-start=\"1226\" data-end=\"1229\" \/>\n<h3 data-section-id=\"qe9wxn\" data-start=\"1231\" data-end=\"1262\"><span role=\"text\">\ud83d\udd27 <strong data-start=\"1238\" data-end=\"1262\">Popolna prilagoditev<\/strong><\/span><\/h3>\n<ul data-start=\"1264\" data-end=\"1394\">\n<li data-section-id=\"1rmqnze\" data-start=\"1264\" data-end=\"1316\">Dve <strong data-start=\"1270\" data-end=\"1292\">nastavljivi sponki<\/strong> za idealno prileganje<\/li>\n<li data-section-id=\"skx5b\" data-start=\"1317\" data-end=\"1346\">Stabilno in varno no\u0161enje<\/li>\n<li data-section-id=\"wfohng\" data-start=\"1347\" data-end=\"1394\">Primeren za razli\u010dne velikosti ljubljen\u010dkov<\/li>\n<\/ul>\n<hr data-start=\"1396\" data-end=\"1399\" \/>\n<h3 data-section-id=\"1ietlp4\" data-start=\"1401\" data-end=\"1439\"><span role=\"text\">\ud83c\udf19 <strong data-start=\"1408\" data-end=\"1439\">Ve\u010dja vidljivost in varnost<\/strong><\/span><\/h3>\n<ul data-start=\"1441\" data-end=\"1566\">\n<li data-section-id=\"xhsa07\" data-start=\"1441\" data-end=\"1486\"><strong data-start=\"1443\" data-end=\"1463\">Odsevni elementi<\/strong> za bolj\u0161o vidljivost<\/li>\n<li data-section-id=\"j6juh3\" data-start=\"1487\" data-end=\"1527\">Idealno za ve\u010derne in no\u010dne sprehode<\/li>\n<li data-section-id=\"z3kliy\" data-start=\"1528\" data-end=\"1566\">Pove\u010dana varnost v slab\u0161i svetlobi<\/li>\n<\/ul>\n<hr data-start=\"1568\" data-end=\"1571\" \/>\n<h3 data-section-id=\"l5yj4e\" data-start=\"1573\" data-end=\"1610\"><span role=\"text\">\ud83d\udc36\ud83d\udc31 <strong data-start=\"1582\" data-end=\"1610\">Primeren za pse in ma\u010dke<\/strong><\/span><\/h3>\n<p data-start=\"1612\" data-end=\"1661\">Nastavljiv oprsnik za pse in ma\u010dke je idealen za:<\/p>\n<ul data-start=\"1662\" data-end=\"1711\">\n<li data-section-id=\"djs0o7\" data-start=\"1662\" data-end=\"1671\">ma\u010dke<\/li>\n<li data-section-id=\"13nbb0i\" data-start=\"1672\" data-end=\"1686\">manj\u0161e pse<\/li>\n<li data-section-id=\"1wtewiw\" data-start=\"1687\" data-end=\"1711\">vsakodnevne sprehode<\/li>\n<\/ul>\n<hr data-start=\"1713\" data-end=\"1716\" \/>\n<h3 data-section-id=\"ti6ejr\" data-start=\"1718\" data-end=\"1747\"><span role=\"text\">\ud83e\uddf5 <strong data-start=\"1725\" data-end=\"1747\">V kompletu z vrvjo<\/strong><\/span><\/h3>\n<ul data-start=\"1749\" data-end=\"1854\">\n<li data-section-id=\"1pexty7\" data-start=\"1749\" data-end=\"1784\">Prilo\u017eena <strong data-start=\"1761\" data-end=\"1782\">vrv dol\u017eine 1,2 m<\/strong><\/li>\n<li data-section-id=\"1wksw3k\" data-start=\"1785\" data-end=\"1819\">Omogo\u010da bolj\u0161i nadzor med hojo<\/li>\n<li data-section-id=\"clk92x\" data-start=\"1820\" data-end=\"1854\">Prakti\u010dna in enostavna uporaba<\/li>\n<\/ul>\n<hr data-start=\"1856\" data-end=\"1859\" \/>\n<h3 data-section-id=\"1qklecu\" data-start=\"1861\" data-end=\"1899\"><span role=\"text\">\ud83c\udfa8 <strong data-start=\"1868\" data-end=\"1899\">Moderen in prakti\u010den dizajn<\/strong><\/span><\/h3>\n<ul data-start=\"1901\" data-end=\"2015\">\n<li data-section-id=\"kaxm81\" data-start=\"1901\" data-end=\"1932\">Na voljo v razli\u010dnih barvah<\/li>\n<li data-section-id=\"43a0yn\" data-start=\"1933\" data-end=\"1973\">Kombinacija funkcionalnosti in stila<\/li>\n<li data-section-id=\"1xod3b6\" data-start=\"1974\" data-end=\"2015\">Eleganten videz za va\u0161ega ljubljen\u010dka<\/li>\n<\/ul>\n<hr data-start=\"2017\" data-end=\"2020\" \/>\n<p data-start=\"2022\" data-end=\"2161\" data-is-last-node=\"\" data-is-only-node=\"\">Nastavljiv oprsnik za pse in ma\u010dke je odli\u010dna izbira za vse lastnike, ki \u017eelijo varne, udobne in brezskrbne sprehode s svojim ljubljen\u010dkom.<\/p>\n","protected":false},"excerpt":{"rendered":"<p>Nastavljiv oprsnik za psa ali ma\u010dko z odsevnimi trakovi zagotavlja varnost, udobje in popolno prileganje za vsakodnevne sprehode.<\/p>\n","protected":false},"featured_media":24718,"comment_status":"open","ping_status":"closed","template":"","meta":{"_acf_changed":false},"product_brand":[],"product_cat":[4300],"product_tag":[],"class_list":{"0":"post-24709","1":"product","2":"type-product","3":"status-publish","4":"has-post-thumbnail","6":"product_cat-zivali","7":"pa_barva-roza","8":"pa_velikost-prsni-kos39cm-vrat30cm-25-4kg","10":"first","11":"instock","12":"taxable","13":"shipping-taxable","14":"purchasable","15":"product-type-simple"},"acf":[],"_links":{"self":[{"href":"https:\/\/renovatus.si\/sl\/wp-json\/wp\/v2\/product\/24709","targetHints":{"allow":["GET"]}}],"collection":[{"href":"https:\/\/renovatus.si\/sl\/wp-json\/wp\/v2\/product"}],"about":[{"href":"https:\/\/renovatus.si\/sl\/wp-json\/wp\/v2\/types\/product"}],"replies":[{"embeddable":true,"href":"https:\/\/renovatus.si\/sl\/wp-json\/wp\/v2\/comments?post=24709"}],"wp:featuredmedia":[{"embeddable":true,"href":"https:\/\/renovatus.si\/sl\/wp-json\/wp\/v2\/media\/24718"}],"wp:attachment":[{"href":"https:\/\/renovatus.si\/sl\/wp-json\/wp\/v2\/media?parent=24709"}],"wp:term":[{"taxonomy":"product_brand","embeddable":true,"href":"https:\/\/renovatus.si\/sl\/wp-json\/wp\/v2\/product_brand?post=24709"},{"taxonomy":"product_cat","embeddable":true,"href":"https:\/\/renovatus.si\/sl\/wp-json\/wp\/v2\/product_cat?post=24709"},{"taxonomy":"product_tag","embeddable":true,"href":"https:\/\/renovatus.si\/sl\/wp-json\/wp\/v2\/product_tag?post=24709"}],"curies":[{"name":"wp","href":"https:\/\/api.w.org\/{rel}","templated":true}]}}