{"id":24759,"date":"2026-05-13T18:47:38","date_gmt":"2026-05-13T17:47:38","guid":{"rendered":"https:\/\/renovatus.si\/izdelek\/lenovo-v15-g4-amn-r3-nb15le00137-1\/"},"modified":"2026-05-13T18:59:29","modified_gmt":"2026-05-13T17:59:29","slug":"lenovo-v15-g4-amn-r3-nb15le00137-1","status":"publish","type":"product","link":"https:\/\/renovatus.si\/sl\/izdelek\/lenovo-v15-g4-amn-r3-nb15le00137-1\/","title":{"rendered":"LENOVO V15 G4 Ryzen 3 16GB 512GB 15,6 FHD W11H"},"content":{"rendered":"<p>Lenovo V15 G4 AMN je zanesljiv in cenovno dostopen poslovni prenosnik, namenjen vsakodnevnemu delu, \u0161tudiju in ve\u010dopravilnosti. Opremljen je z zmogljivim procesorjem AMD Ryzen 3 7320U s frekvenco do 4,1 GHz, ki skupaj s 16 GB hitrega LPDDR5 pomnilnika zagotavlja teko\u010de delovanje aplikacij, hitro odzivnost sistema in u\u010dinkovito delo. Za hitro nalaganje operacijskega sistema Windows 11 Home ter aplikacij skrbi 512 GB PCIe NVMe SSD disk. Prenosnik ima 15,6-pal\u010dni Full HD neble\u0161\u010de\u010d zaslon lo\u010dljivosti 1920 \u00d7 1080, ki omogo\u010da udobno delo in dobro preglednost vsebin tudi pri dalj\u0161i uporabi. Integrirana grafi\u010dna kartica AMD Radeon 610M Graphics poskrbi za zanesljivo multimedijsko izku\u0161njo in vsakodnevno grafi\u010dno uporabo. Lenovo V15 G4 AMN vklju\u010duje stereo zvo\u010dnika z Dolby Audio, HD spletno kamero z zaslonko za zasebnost in dvojni mikrofon, zato je odli\u010dna izbira tudi za videokonference in spletne sestanke. Sodobna povezljivost Wi-Fi 6, Bluetooth 5.2 in LAN omogo\u010da stabilno povezavo doma ali v pisarni. Zaradi tanke zasnove, nizke te\u017ee 1,63 kg in elegantnega \u010drnega ohi\u0161ja je prenosnik primeren tudi za delo na poti. Lenovo V15 G4 AMN je odli\u010dna izbira za uporabnike, ki i\u0161\u010dejo zanesljiv, hiter in prakti\u010den prenosnik po dostopni ceni.<\/p>\n","protected":false},"excerpt":{"rendered":"<p>Lenovo V15 G4 AMN z Ryzen 3, 16 GB RAM in 512 GB SSD za hitro poslovno delo, \u0161tudij in vsakodnevno uporabo.<\/p>\n","protected":false},"featured_media":24760,"comment_status":"open","ping_status":"closed","template":"","meta":{"_acf_changed":false},"product_brand":[254],"product_cat":[],"product_tag":[],"class_list":{"0":"post-24759","1":"product","2":"type-product","3":"status-publish","4":"has-post-thumbnail","6":"product_brand-lenovo","7":"pa_generacija-procesorja-amd-ryzen-3-7320u-2-40-ghz","8":"pa_graficna-kartica-amd-radeon-610m","9":"pa_model-v15-g4-amn-r3","10":"pa_podpora-windows11-da","11":"pa_ram-16gb","12":"pa_resolucija-1920-x-1080","13":"pa_spletna-kamera-da","14":"pa_tip-diska-ssd","15":"pa_velikost-diska-512gb","16":"pa_znamka-lenovo","18":"first","19":"instock","20":"taxable","21":"shipping-taxable","22":"purchasable","23":"product-type-simple"},"acf":[],"_links":{"self":[{"href":"https:\/\/renovatus.si\/sl\/wp-json\/wp\/v2\/product\/24759","targetHints":{"allow":["GET"]}}],"collection":[{"href":"https:\/\/renovatus.si\/sl\/wp-json\/wp\/v2\/product"}],"about":[{"href":"https:\/\/renovatus.si\/sl\/wp-json\/wp\/v2\/types\/product"}],"replies":[{"embeddable":true,"href":"https:\/\/renovatus.si\/sl\/wp-json\/wp\/v2\/comments?post=24759"}],"wp:featuredmedia":[{"embeddable":true,"href":"https:\/\/renovatus.si\/sl\/wp-json\/wp\/v2\/media\/24760"}],"wp:attachment":[{"href":"https:\/\/renovatus.si\/sl\/wp-json\/wp\/v2\/media?parent=24759"}],"wp:term":[{"taxonomy":"product_brand","embeddable":true,"href":"https:\/\/renovatus.si\/sl\/wp-json\/wp\/v2\/product_brand?post=24759"},{"taxonomy":"product_cat","embeddable":true,"href":"https:\/\/renovatus.si\/sl\/wp-json\/wp\/v2\/product_cat?post=24759"},{"taxonomy":"product_tag","embeddable":true,"href":"https:\/\/renovatus.si\/sl\/wp-json\/wp\/v2\/product_tag?post=24759"}],"curies":[{"name":"wp","href":"https:\/\/api.w.org\/{rel}","templated":true}]}}